{"id":2757,"date":"2025-02-07T08:56:01","date_gmt":"2025-02-07T08:56:01","guid":{"rendered":"https:\/\/new.tefmontajes.com\/politica-de-qualitat-i-medi-ambient\/"},"modified":"2025-12-10T12:37:03","modified_gmt":"2025-12-10T12:37:03","slug":"politica-de-qualitat-i-medi-ambient","status":"publish","type":"page","link":"https:\/\/tefmontajes.com\/ca\/politica-de-qualitat-i-medi-ambient\/","title":{"rendered":"POL\u00cdTICA DE QUALITAT I MEDI AMBIENT"},"content":{"rendered":"\t\t<div data-elementor-type=\"wp-page\" data-elementor-id=\"2757\" class=\"elementor elementor-2757 elementor-1832\" data-elementor-post-type=\"page\">\n\t\t\t\t<div class=\"elementor-element elementor-element-b6708d0 e-flex e-con-boxed e-con e-parent\" data-id=\"b6708d0\" data-element_type=\"container\" data-e-type=\"container\">\n\t\t\t\t\t<div class=\"e-con-inner\">\n\t\t\t\t<div class=\"elementor-element elementor-element-ca9beef elementor-widget elementor-widget-heading\" data-id=\"ca9beef\" data-element_type=\"widget\" data-e-type=\"widget\" data-widget_type=\"heading.default\">\n\t\t\t\t<div class=\"elementor-widget-container\">\n\t\t\t\t\t<h2 class=\"elementor-heading-title elementor-size-default\">Pol\u00edtica de <span>qualitat i medi ambient<\/span><\/h2>\t\t\t\t<\/div>\n\t\t\t\t<\/div>\n\t\t\t\t<div class=\"elementor-element elementor-element-2e8333c elementor-widget elementor-widget-text-editor\" data-id=\"2e8333c\" data-element_type=\"widget\" data-e-type=\"widget\" data-widget_type=\"text-editor.default\">\n\t\t\t\t<div class=\"elementor-widget-container\">\n\t\t\t\t\t\t\t\t\t<p>TEF Montajes y Servicios, S. L. \u00e9s una organitzaci\u00f3 dedicada als serveis productius de fabricaci\u00f3 electr\u00f2nica EMS.<\/p><p>La nostra organitzaci\u00f3, a m\u00e9s de promoure una relaci\u00f3 pr\u00f2xima amb el client, aposta per la qualitat, la integraci\u00f3 social, la igualtat d&#8217;oportunitats i la sostenibilitat ambiental. Aquests valors constitueixen pilars essencials per al desenvolupament responsable de les nostres activitats i actuen com a motors de la millora cont\u00ednua en tots els nivells de l&#8217;empresa. <\/p><p>Ens comprometem a complir els requisits dels nostres clients, les disposicions legals i reglament\u00e0ries aplicables, i a garantir l&#8217;efic\u00e0cia i millora cont\u00ednua del Sistema de Gesti\u00f3, assegurant-ne la coher\u00e8ncia i alineaci\u00f3 amb la direcci\u00f3 estrat\u00e8gica de l&#8217;organitzaci\u00f3.<\/p><p>Amb la finalitat que aquestes directrius puguin complir, tota la sistem\u00e0tica queda recollida en un Sistema de Qualitat segons les Normes ISO 9001:2015, ISO 9100:2018, ISO 13485:2016 i ISO 14001:2015.<\/p><p>La nostra Pol\u00edtica de Qualitat i Medi Ambient es fonamenta en els principis seg\u00fcents:<\/p><ul><li>Assegurar que s&#8217;identifiquen les necessitats i expectatives del client, que es converteixen en requisits i es compleixen \u00edntegrament, incloent-hi la conformitat del producte\/servei i el lliurament a temps.<\/li><li>Impulsar una cultura de qualitat basada en el comprom\u00eds de millora, mitjan\u00e7ant el compliment dels Objectius de Qualitat i Medi Ambient.<\/li><li>Complir amb la legislaci\u00f3 i reglamentaci\u00f3 aplicable, i amb altres requisits que TEF subscrigui amb les parts interessades.<\/li><li>Procurar l&#8217;\u00fas eficient dels recursos naturals i minimitzar la producci\u00f3 de residus, promovent el seu reciclatge, recuperaci\u00f3 i reutilitzaci\u00f3.<\/li><li>Analitzar i disminuir els impactes ambientals dels productes al llarg del seu cicle de vida.<\/li><li>Determinar els criteris i m\u00e8todes per a assegurar l&#8217;operaci\u00f3 i el control dels processos, aix\u00ed com la disponibilitat de recursos i informaci\u00f3.<\/li><li>Transmetre confian\u00e7a al nostre entorn i refor\u00e7ar el comprom\u00eds amb els nostres empleats.<\/li><li>Conscienciar als treballadors en la cura del medi ambient.<\/li><li>Identificar els riscos i oportunitats que poden derivar de les nostres accions i revisar-los anualment a nivell de qualitat i medi ambient.<\/li><li>Invertir en recursos, cosa que proporciona una millora dels processos de l&#8217;empresa i una capacitat de resposta major, que repercuteix en el nostre client i n&#8217;augmenta les expectatives i la satisfacci\u00f3.<\/li><li>Oferir lideratge tecnol\u00f2gic en les nostres instal\u00b7lacions.<\/li><\/ul><p>Per tot aix\u00f2, esperem poder garantir un Sistema de Gesti\u00f3 adequat, que ens condueixi a la consecuci\u00f3 cap a la qual est\u00e0 orientada l&#8217;organitzaci\u00f3: ser el partner de producci\u00f3 dels nostres clients.<\/p>\t\t\t\t\t\t\t\t<\/div>\n\t\t\t\t<\/div>\n\t\t\t\t\t<\/div>\n\t\t\t\t<\/div>\n\t\t\t\t<\/div>\n\t\t","protected":false},"excerpt":{"rendered":"<p>Pol\u00edtica de qualitat i medi ambient TEF Montajes y Servicios, S. L. \u00e9s una organitzaci\u00f3 dedicada als serveis productius de fabricaci\u00f3 electr\u00f2nica EMS. La nostra organitzaci\u00f3, a m\u00e9s de promoure una relaci\u00f3 pr\u00f2xima amb el client, aposta per la qualitat, la integraci\u00f3 social, la igualtat d&#8217;oportunitats i la sostenibilitat ambiental. Aquests valors constitueixen pilars essencials [&hellip;]<\/p>\n","protected":false},"author":2,"featured_media":0,"parent":0,"menu_order":0,"comment_status":"closed","ping_status":"closed","template":"elementor_header_footer","meta":{"_acf_changed":false,"footnotes":""},"class_list":["post-2757","page","type-page","status-publish","hentry"],"acf":[],"yoast_head":"<!-- This site is optimized with the Yoast SEO plugin v27.4 - https:\/\/yoast.com\/product\/yoast-seo-wordpress\/ -->\n<title>POL\u00cdTICA DE QUALITAT I MEDI AMBIENT - TEF Montajes<\/title>\n<meta name=\"robots\" content=\"index, follow, max-snippet:-1, max-image-preview:large, max-video-preview:-1\" \/>\n<link rel=\"canonical\" href=\"https:\/\/tefmontajes.com\/politica-de-calidad-y-medio-ambiente\/\" \/>\n<meta property=\"og:locale\" content=\"ca_ES\" \/>\n<meta property=\"og:type\" content=\"article\" \/>\n<meta property=\"og:title\" content=\"POL\u00cdTICA DE QUALITAT I MEDI AMBIENT - TEF Montajes\" \/>\n<meta property=\"og:description\" content=\"Pol\u00edtica de qualitat i medi ambient TEF Montajes y Servicios, S. L. \u00e9s una organitzaci\u00f3 dedicada als serveis productius de fabricaci\u00f3 electr\u00f2nica EMS. La nostra organitzaci\u00f3, a m\u00e9s de promoure una relaci\u00f3 pr\u00f2xima amb el client, aposta per la qualitat, la integraci\u00f3 social, la igualtat d&#8217;oportunitats i la sostenibilitat ambiental. Aquests valors constitueixen pilars essencials [&hellip;]\" \/>\n<meta property=\"og:url\" content=\"https:\/\/tefmontajes.com\/politica-de-calidad-y-medio-ambiente\/\" \/>\n<meta property=\"og:site_name\" content=\"TEF Montajes\" \/>\n<meta property=\"article:modified_time\" content=\"2025-12-10T12:37:03+00:00\" \/>\n<meta name=\"twitter:card\" content=\"summary_large_image\" \/>\n<meta name=\"twitter:label1\" content=\"Temps estimat de lectura\" \/>\n\t<meta name=\"twitter:data1\" content=\"2 minuts\" \/>\n<script type=\"application\/ld+json\" class=\"yoast-schema-graph\">{\"@context\":\"https:\\\/\\\/schema.org\",\"@graph\":[{\"@type\":\"WebPage\",\"@id\":\"https:\\\/\\\/tefmontajes.com\\\/politica-de-calidad-y-medio-ambiente\\\/\",\"url\":\"https:\\\/\\\/tefmontajes.com\\\/politica-de-calidad-y-medio-ambiente\\\/\",\"name\":\"POL\u00cdTICA DE QUALITAT I MEDI AMBIENT - TEF Montajes\",\"isPartOf\":{\"@id\":\"https:\\\/\\\/tefmontajes.com\\\/en\\\/#website\"},\"datePublished\":\"2025-02-07T08:56:01+00:00\",\"dateModified\":\"2025-12-10T12:37:03+00:00\",\"breadcrumb\":{\"@id\":\"https:\\\/\\\/tefmontajes.com\\\/politica-de-calidad-y-medio-ambiente\\\/#breadcrumb\"},\"inLanguage\":\"ca\",\"potentialAction\":[{\"@type\":\"ReadAction\",\"target\":[\"https:\\\/\\\/tefmontajes.com\\\/politica-de-calidad-y-medio-ambiente\\\/\"]}]},{\"@type\":\"BreadcrumbList\",\"@id\":\"https:\\\/\\\/tefmontajes.com\\\/politica-de-calidad-y-medio-ambiente\\\/#breadcrumb\",\"itemListElement\":[{\"@type\":\"ListItem\",\"position\":1,\"name\":\"Portada\",\"item\":\"https:\\\/\\\/tefmontajes.com\\\/ca\\\/home\\\/\"},{\"@type\":\"ListItem\",\"position\":2,\"name\":\"POL\u00cdTICA DE QUALITAT I MEDI AMBIENT\"}]},{\"@type\":\"WebSite\",\"@id\":\"https:\\\/\\\/tefmontajes.com\\\/en\\\/#website\",\"url\":\"https:\\\/\\\/tefmontajes.com\\\/en\\\/\",\"name\":\"TEF Montajes\",\"description\":\"\",\"publisher\":{\"@id\":\"https:\\\/\\\/tefmontajes.com\\\/en\\\/#organization\"},\"potentialAction\":[{\"@type\":\"SearchAction\",\"target\":{\"@type\":\"EntryPoint\",\"urlTemplate\":\"https:\\\/\\\/tefmontajes.com\\\/en\\\/?s={search_term_string}\"},\"query-input\":{\"@type\":\"PropertyValueSpecification\",\"valueRequired\":true,\"valueName\":\"search_term_string\"}}],\"inLanguage\":\"ca\"},{\"@type\":\"Organization\",\"@id\":\"https:\\\/\\\/tefmontajes.com\\\/en\\\/#organization\",\"name\":\"TEF Montajes\",\"url\":\"https:\\\/\\\/tefmontajes.com\\\/en\\\/\",\"logo\":{\"@type\":\"ImageObject\",\"inLanguage\":\"ca\",\"@id\":\"https:\\\/\\\/tefmontajes.com\\\/en\\\/#\\\/schema\\\/logo\\\/image\\\/\",\"url\":\"https:\\\/\\\/tefmontajes.com\\\/wp-content\\\/uploads\\\/2026\\\/01\\\/tef-favicon-1.png\",\"contentUrl\":\"https:\\\/\\\/tefmontajes.com\\\/wp-content\\\/uploads\\\/2026\\\/01\\\/tef-favicon-1.png\",\"width\":291,\"height\":291,\"caption\":\"TEF Montajes\"},\"image\":{\"@id\":\"https:\\\/\\\/tefmontajes.com\\\/en\\\/#\\\/schema\\\/logo\\\/image\\\/\"}}]}<\/script>\n<!-- \/ Yoast SEO plugin. -->","yoast_head_json":{"title":"POL\u00cdTICA DE QUALITAT I MEDI AMBIENT - TEF Montajes","robots":{"index":"index","follow":"follow","max-snippet":"max-snippet:-1","max-image-preview":"max-image-preview:large","max-video-preview":"max-video-preview:-1"},"canonical":"https:\/\/tefmontajes.com\/politica-de-calidad-y-medio-ambiente\/","og_locale":"ca_ES","og_type":"article","og_title":"POL\u00cdTICA DE QUALITAT I MEDI AMBIENT - TEF Montajes","og_description":"Pol\u00edtica de qualitat i medi ambient TEF Montajes y Servicios, S. L. \u00e9s una organitzaci\u00f3 dedicada als serveis productius de fabricaci\u00f3 electr\u00f2nica EMS. La nostra organitzaci\u00f3, a m\u00e9s de promoure una relaci\u00f3 pr\u00f2xima amb el client, aposta per la qualitat, la integraci\u00f3 social, la igualtat d&#8217;oportunitats i la sostenibilitat ambiental. Aquests valors constitueixen pilars essencials [&hellip;]","og_url":"https:\/\/tefmontajes.com\/politica-de-calidad-y-medio-ambiente\/","og_site_name":"TEF Montajes","article_modified_time":"2025-12-10T12:37:03+00:00","twitter_card":"summary_large_image","twitter_misc":{"Temps estimat de lectura":"2 minuts"},"schema":{"@context":"https:\/\/schema.org","@graph":[{"@type":"WebPage","@id":"https:\/\/tefmontajes.com\/politica-de-calidad-y-medio-ambiente\/","url":"https:\/\/tefmontajes.com\/politica-de-calidad-y-medio-ambiente\/","name":"POL\u00cdTICA DE QUALITAT I MEDI AMBIENT - TEF Montajes","isPartOf":{"@id":"https:\/\/tefmontajes.com\/en\/#website"},"datePublished":"2025-02-07T08:56:01+00:00","dateModified":"2025-12-10T12:37:03+00:00","breadcrumb":{"@id":"https:\/\/tefmontajes.com\/politica-de-calidad-y-medio-ambiente\/#breadcrumb"},"inLanguage":"ca","potentialAction":[{"@type":"ReadAction","target":["https:\/\/tefmontajes.com\/politica-de-calidad-y-medio-ambiente\/"]}]},{"@type":"BreadcrumbList","@id":"https:\/\/tefmontajes.com\/politica-de-calidad-y-medio-ambiente\/#breadcrumb","itemListElement":[{"@type":"ListItem","position":1,"name":"Portada","item":"https:\/\/tefmontajes.com\/ca\/home\/"},{"@type":"ListItem","position":2,"name":"POL\u00cdTICA DE QUALITAT I MEDI AMBIENT"}]},{"@type":"WebSite","@id":"https:\/\/tefmontajes.com\/en\/#website","url":"https:\/\/tefmontajes.com\/en\/","name":"TEF Montajes","description":"","publisher":{"@id":"https:\/\/tefmontajes.com\/en\/#organization"},"potentialAction":[{"@type":"SearchAction","target":{"@type":"EntryPoint","urlTemplate":"https:\/\/tefmontajes.com\/en\/?s={search_term_string}"},"query-input":{"@type":"PropertyValueSpecification","valueRequired":true,"valueName":"search_term_string"}}],"inLanguage":"ca"},{"@type":"Organization","@id":"https:\/\/tefmontajes.com\/en\/#organization","name":"TEF Montajes","url":"https:\/\/tefmontajes.com\/en\/","logo":{"@type":"ImageObject","inLanguage":"ca","@id":"https:\/\/tefmontajes.com\/en\/#\/schema\/logo\/image\/","url":"https:\/\/tefmontajes.com\/wp-content\/uploads\/2026\/01\/tef-favicon-1.png","contentUrl":"https:\/\/tefmontajes.com\/wp-content\/uploads\/2026\/01\/tef-favicon-1.png","width":291,"height":291,"caption":"TEF Montajes"},"image":{"@id":"https:\/\/tefmontajes.com\/en\/#\/schema\/logo\/image\/"}}]}},"_links":{"self":[{"href":"https:\/\/tefmontajes.com\/ca\/wp-json\/wp\/v2\/pages\/2757","targetHints":{"allow":["GET"]}}],"collection":[{"href":"https:\/\/tefmontajes.com\/ca\/wp-json\/wp\/v2\/pages"}],"about":[{"href":"https:\/\/tefmontajes.com\/ca\/wp-json\/wp\/v2\/types\/page"}],"author":[{"embeddable":true,"href":"https:\/\/tefmontajes.com\/ca\/wp-json\/wp\/v2\/users\/2"}],"replies":[{"embeddable":true,"href":"https:\/\/tefmontajes.com\/ca\/wp-json\/wp\/v2\/comments?post=2757"}],"version-history":[{"count":1,"href":"https:\/\/tefmontajes.com\/ca\/wp-json\/wp\/v2\/pages\/2757\/revisions"}],"predecessor-version":[{"id":2758,"href":"https:\/\/tefmontajes.com\/ca\/wp-json\/wp\/v2\/pages\/2757\/revisions\/2758"}],"wp:attachment":[{"href":"https:\/\/tefmontajes.com\/ca\/wp-json\/wp\/v2\/media?parent=2757"}],"curies":[{"name":"wp","href":"https:\/\/api.w.org\/{rel}","templated":true}]}}