{"id":2759,"date":"2024-06-19T20:07:08","date_gmt":"2024-06-19T20:07:08","guid":{"rendered":"https:\/\/new.tefmontajes.com\/qualitat\/"},"modified":"2026-04-28T09:26:40","modified_gmt":"2026-04-28T09:26:40","slug":"qualitat","status":"publish","type":"page","link":"https:\/\/tefmontajes.com\/ca\/qualitat\/","title":{"rendered":"Qualitat"},"content":{"rendered":"\t\t<div data-elementor-type=\"wp-page\" data-elementor-id=\"2759\" class=\"elementor elementor-2759 elementor-425\" data-elementor-post-type=\"page\">\n\t\t\t\t<div class=\"elementor-element elementor-element-a037545 e-flex e-con-boxed e-con e-parent\" data-id=\"a037545\" data-element_type=\"container\" data-e-type=\"container\">\n\t\t\t\t\t<div class=\"e-con-inner\">\n\t\t<div class=\"elementor-element elementor-element-a38da85 e-flex e-con-boxed e-con e-child\" data-id=\"a38da85\" data-element_type=\"container\" data-e-type=\"container\">\n\t\t\t\t\t<div class=\"e-con-inner\">\n\t\t\t\t<div class=\"elementor-element elementor-element-a906715 elementor-widget elementor-widget-heading\" data-id=\"a906715\" data-element_type=\"widget\" data-e-type=\"widget\" data-widget_type=\"heading.default\">\n\t\t\t\t<div class=\"elementor-widget-container\">\n\t\t\t\t\t<h1 class=\"elementor-heading-title elementor-size-default\"><span>Qualitat<\/span><\/h1>\t\t\t\t<\/div>\n\t\t\t\t<\/div>\n\t\t\t\t\t<\/div>\n\t\t\t\t<\/div>\n\t\t\t\t\t<\/div>\n\t\t\t\t<\/div>\n\t\t<div class=\"elementor-element elementor-element-5400fe4 e-flex e-con-boxed e-con e-parent\" data-id=\"5400fe4\" data-element_type=\"container\" data-e-type=\"container\">\n\t\t\t\t\t<div class=\"e-con-inner\">\n\t\t<div class=\"elementor-element elementor-element-1aeac03 e-grid e-con-full e-con e-child\" data-id=\"1aeac03\" data-element_type=\"container\" data-e-type=\"container\">\n\t\t<div class=\"elementor-element elementor-element-26ce7c0 e-con-full e-flex e-con e-child\" data-id=\"26ce7c0\" data-element_type=\"container\" data-e-type=\"container\">\n\t\t\t\t<div class=\"elementor-element elementor-element-a6a1c89 elementor-widget elementor-widget-heading\" data-id=\"a6a1c89\" data-element_type=\"widget\" data-e-type=\"widget\" data-widget_type=\"heading.default\">\n\t\t\t\t<div class=\"elementor-widget-container\">\n\t\t\t\t\t<h3 class=\"elementor-heading-title elementor-size-default\">Certificat ISO 9001:2015<\/h3>\t\t\t\t<\/div>\n\t\t\t\t<\/div>\n\t\t\t\t<div class=\"elementor-element elementor-element-d1ac5f9 elementor-widget elementor-widget-heading\" data-id=\"d1ac5f9\" data-element_type=\"widget\" data-e-type=\"widget\" data-widget_type=\"heading.default\">\n\t\t\t\t<div class=\"elementor-widget-container\">\n\t\t\t\t\t<p class=\"elementor-heading-title elementor-size-default\">Comptem amb uns estrictes processos de registre de la producci\u00f3 i ens trobem en un proc\u00e9s de formaci\u00f3 continu. Aix\u00f2 assegura els elevats \u00edndexs de qualitat de TEF, que disposa d\u2019aquest certificat des del 2002. L\u2019ISO 9001:2015 \u00e9s una norma enfocada a augmentar constantment la satisfacci\u00f3 del client, l\u2019objectiu prioritari de la nostra companyia.<\/p>\t\t\t\t<\/div>\n\t\t\t\t<\/div>\n\t\t\t\t<div class=\"elementor-element elementor-element-9c2fc2e elementor-align-left elementor-widget elementor-widget-button\" data-id=\"9c2fc2e\" data-element_type=\"widget\" data-e-type=\"widget\" data-widget_type=\"button.default\">\n\t\t\t\t<div class=\"elementor-widget-container\">\n\t\t\t\t\t\t\t\t\t<div class=\"elementor-button-wrapper\">\n\t\t\t\t\t<a class=\"elementor-button elementor-button-link elementor-size-sm\" href=\"https:\/\/tefmontajes.com\/wp-content\/uploads\/2025\/11\/ISO-9001_2015.pdf\" target=\"_blank\">\n\t\t\t\t\t\t<span class=\"elementor-button-content-wrapper\">\n\t\t\t\t\t\t\t\t\t<span class=\"elementor-button-text\">Certificat ISO 9001:2015 TEF<\/span>\n\t\t\t\t\t<\/span>\n\t\t\t\t\t<\/a>\n\t\t\t\t<\/div>\n\t\t\t\t\t\t\t\t<\/div>\n\t\t\t\t<\/div>\n\t\t\t\t<\/div>\n\t\t<div class=\"elementor-element elementor-element-6d61acc e-con-full e-flex e-con e-child\" data-id=\"6d61acc\" data-element_type=\"container\" data-e-type=\"container\">\n\t\t\t\t<div class=\"elementor-element elementor-element-d3fd6c3 elementor-widget elementor-widget-heading\" data-id=\"d3fd6c3\" data-element_type=\"widget\" data-e-type=\"widget\" data-widget_type=\"heading.default\">\n\t\t\t\t<div class=\"elementor-widget-container\">\n\t\t\t\t\t<h3 class=\"elementor-heading-title elementor-size-default\">Certificat AS\/EN 9100:2018<\/h3>\t\t\t\t<\/div>\n\t\t\t\t<\/div>\n\t\t\t\t<div class=\"elementor-element elementor-element-9a2ee44 elementor-widget elementor-widget-heading\" data-id=\"9a2ee44\" data-element_type=\"widget\" data-e-type=\"widget\" data-widget_type=\"heading.default\">\n\t\t\t\t<div class=\"elementor-widget-container\">\n\t\t\t\t\t<p class=\"elementor-heading-title elementor-size-default\">Garantim el compliment amb els m\u00e9s alts est\u00e0ndards de qualitat en el sector aeroespacial. Aquesta norma internacional assegura processos segurs, eficients i tra\u00e7ables, orientats a la millora cont\u00ednua i la satisfacci\u00f3 del client. En TEF, amb aquesta certificaci\u00f3, oferim solucions que compleixen els requisits m\u00e9s exigents de la ind\u00fastria aeron\u00e0utica, espacial i de defensa.<\/p>\t\t\t\t<\/div>\n\t\t\t\t<\/div>\n\t\t\t\t<div class=\"elementor-element elementor-element-a33d01d elementor-align-left elementor-widget elementor-widget-button\" data-id=\"a33d01d\" data-element_type=\"widget\" data-e-type=\"widget\" data-widget_type=\"button.default\">\n\t\t\t\t<div class=\"elementor-widget-container\">\n\t\t\t\t\t\t\t\t\t<div class=\"elementor-button-wrapper\">\n\t\t\t\t\t<a class=\"elementor-button elementor-button-link elementor-size-sm\" href=\"#\" target=\"_blank\">\n\t\t\t\t\t\t<span class=\"elementor-button-content-wrapper\">\n\t\t\t\t\t\t\t\t\t<span class=\"elementor-button-text\">Certificat AS\/EN 9100:2018 TEF<\/span>\n\t\t\t\t\t<\/span>\n\t\t\t\t\t<\/a>\n\t\t\t\t<\/div>\n\t\t\t\t\t\t\t\t<\/div>\n\t\t\t\t<\/div>\n\t\t\t\t<\/div>\n\t\t<div class=\"elementor-element elementor-element-9b36233 e-con-full e-flex e-con e-child\" data-id=\"9b36233\" data-element_type=\"container\" data-e-type=\"container\">\n\t\t\t\t<div class=\"elementor-element elementor-element-bff55f9 elementor-widget elementor-widget-heading\" data-id=\"bff55f9\" data-element_type=\"widget\" data-e-type=\"widget\" data-widget_type=\"heading.default\">\n\t\t\t\t<div class=\"elementor-widget-container\">\n\t\t\t\t\t<h3 class=\"elementor-heading-title elementor-size-default\">Certificat ISO 13485:2016<\/h3>\t\t\t\t<\/div>\n\t\t\t\t<\/div>\n\t\t\t\t<div class=\"elementor-element elementor-element-3416062 elementor-widget elementor-widget-heading\" data-id=\"3416062\" data-element_type=\"widget\" data-e-type=\"widget\" data-widget_type=\"heading.default\">\n\t\t\t\t<div class=\"elementor-widget-container\">\n\t\t\t\t\t<p class=\"elementor-heading-title elementor-size-default\">Hem implementat un sistema de gesti\u00f3 de la qualitat orientat a dispositius per a la ind\u00fastria m\u00e8dica. L\u2019ISO 13485 s\u2019aplica tant al disseny i al desenvolupament com a la producci\u00f3 de productes sanitaris i en garanteix la fiabilitat i qualitat m\u00e9s altes. Amb aquesta norma, acreditem que els dispositius m\u00e8dics que surten de les nostres instal\u00b7lacions atenen la legislaci\u00f3 vigent i es focalitzen en les necessitats dels clients.<\/p>\t\t\t\t<\/div>\n\t\t\t\t<\/div>\n\t\t\t\t<div class=\"elementor-element elementor-element-d19fcee elementor-align-left elementor-widget elementor-widget-button\" data-id=\"d19fcee\" data-element_type=\"widget\" data-e-type=\"widget\" data-widget_type=\"button.default\">\n\t\t\t\t<div class=\"elementor-widget-container\">\n\t\t\t\t\t\t\t\t\t<div class=\"elementor-button-wrapper\">\n\t\t\t\t\t<a class=\"elementor-button elementor-button-link elementor-size-sm\" href=\"https:\/\/tefmontajes.com\/wp-content\/uploads\/2025\/11\/ISO-13485_2016-Tef.pdf\" target=\"_blank\">\n\t\t\t\t\t\t<span class=\"elementor-button-content-wrapper\">\n\t\t\t\t\t\t\t\t\t<span class=\"elementor-button-text\">Certificat ISO 13485:2016 TEF<\/span>\n\t\t\t\t\t<\/span>\n\t\t\t\t\t<\/a>\n\t\t\t\t<\/div>\n\t\t\t\t\t\t\t\t<\/div>\n\t\t\t\t<\/div>\n\t\t\t\t<\/div>\n\t\t<div class=\"elementor-element elementor-element-26e97ee e-con-full e-flex e-con e-child\" data-id=\"26e97ee\" data-element_type=\"container\" data-e-type=\"container\">\n\t\t\t\t<div class=\"elementor-element elementor-element-02b5806 elementor-widget elementor-widget-heading\" data-id=\"02b5806\" data-element_type=\"widget\" data-e-type=\"widget\" data-widget_type=\"heading.default\">\n\t\t\t\t<div class=\"elementor-widget-container\">\n\t\t\t\t\t<h3 class=\"elementor-heading-title elementor-size-default\">Certificat ISO 14001:2015<\/h3>\t\t\t\t<\/div>\n\t\t\t\t<\/div>\n\t\t\t\t<div class=\"elementor-element elementor-element-46e41ec elementor-widget elementor-widget-heading\" data-id=\"46e41ec\" data-element_type=\"widget\" data-e-type=\"widget\" data-widget_type=\"heading.default\">\n\t\t\t\t<div class=\"elementor-widget-container\">\n\t\t\t\t\t<p class=\"elementor-heading-title elementor-size-default\">A TEF estem plenament compromesos amb la cura del planeta i la protecci\u00f3 del medi ambient. Prova d\u2019aix\u00f2 \u00e9s que el nostre sistema de gesti\u00f3 ambiental compta amb la certificaci\u00f3 ISO 14001:2015 des del 2011. Aquesta norma garanteix que els nostres processos s\u00f3n sostenibles i que contribueixen a disminuir l\u2019impacte ambiental de l\u2019activitat que realitzem.<\/p>\t\t\t\t<\/div>\n\t\t\t\t<\/div>\n\t\t\t\t<div class=\"elementor-element elementor-element-7f97a98 elementor-align-left elementor-widget elementor-widget-button\" data-id=\"7f97a98\" data-element_type=\"widget\" data-e-type=\"widget\" data-widget_type=\"button.default\">\n\t\t\t\t<div class=\"elementor-widget-container\">\n\t\t\t\t\t\t\t\t\t<div class=\"elementor-button-wrapper\">\n\t\t\t\t\t<a class=\"elementor-button elementor-button-link elementor-size-sm\" href=\"https:\/\/tefmontajes.com\/wp-content\/uploads\/2025\/11\/ISO-14001-Tef.pdf\" target=\"_blank\">\n\t\t\t\t\t\t<span class=\"elementor-button-content-wrapper\">\n\t\t\t\t\t\t\t\t\t<span class=\"elementor-button-text\">Certificat ISO 14001:2015 TEF<\/span>\n\t\t\t\t\t<\/span>\n\t\t\t\t\t<\/a>\n\t\t\t\t<\/div>\n\t\t\t\t\t\t\t\t<\/div>\n\t\t\t\t<\/div>\n\t\t\t\t<\/div>\n\t\t\t\t<\/div>\n\t\t\t\t<div class=\"elementor-element elementor-element-be844fa elementor-align-justify elementor-widget__width-initial elementor-widget elementor-widget-button\" data-id=\"be844fa\" data-element_type=\"widget\" data-e-type=\"widget\" data-widget_type=\"button.default\">\n\t\t\t\t<div class=\"elementor-widget-container\">\n\t\t\t\t\t\t\t\t\t<div class=\"elementor-button-wrapper\">\n\t\t\t\t\t<a class=\"elementor-button elementor-button-link elementor-size-sm\" href=\"https:\/\/tefmontajes.com\/ca\/politica-de-qualitat-i-medi-ambient\/\" target=\"_blank\">\n\t\t\t\t\t\t<span class=\"elementor-button-content-wrapper\">\n\t\t\t\t\t\t\t\t\t<span class=\"elementor-button-text\">POL\u00cdTICA DE QUALITAT I MEDI AMBIENT TEF<\/span>\n\t\t\t\t\t<\/span>\n\t\t\t\t\t<\/a>\n\t\t\t\t<\/div>\n\t\t\t\t\t\t\t\t<\/div>\n\t\t\t\t<\/div>\n\t\t\t\t\t<\/div>\n\t\t\t\t<\/div>\n\t\t\t\t<\/div>\n\t\t","protected":false},"excerpt":{"rendered":"<p>Qualitat Certificat ISO 9001:2015 Comptem amb uns estrictes processos de registre de la producci\u00f3 i ens trobem en un proc\u00e9s de formaci\u00f3 continu. Aix\u00f2 assegura els elevats \u00edndexs de qualitat de TEF, que disposa d\u2019aquest certificat des del 2002. L\u2019ISO 9001:2015 \u00e9s una norma enfocada a augmentar constantment la satisfacci\u00f3 del client, l\u2019objectiu prioritari de [&hellip;]<\/p>\n","protected":false},"author":4,"featured_media":773,"parent":0,"menu_order":0,"comment_status":"closed","ping_status":"closed","template":"elementor_header_footer","meta":{"_acf_changed":false,"footnotes":""},"class_list":["post-2759","page","type-page","status-publish","has-post-thumbnail","hentry"],"acf":[],"yoast_head":"<!-- This site is optimized with the Yoast SEO plugin v27.4 - https:\/\/yoast.com\/product\/yoast-seo-wordpress\/ -->\n<title>Qualitat - TEF Montajes<\/title>\n<meta name=\"description\" content=\"Estem plenament compromesos amb la cura del planeta i la protecci\u00f3 del medi ambient per aix\u00f2 comptem amb certificats de qualitat\" \/>\n<meta name=\"robots\" content=\"index, follow, max-snippet:-1, max-image-preview:large, max-video-preview:-1\" \/>\n<link rel=\"canonical\" href=\"https:\/\/tefmontajes.com\/ca\/qualitat\/\" \/>\n<meta property=\"og:locale\" content=\"ca_ES\" \/>\n<meta property=\"og:type\" content=\"article\" \/>\n<meta property=\"og:title\" content=\"Qualitat - TEF Montajes\" \/>\n<meta property=\"og:description\" content=\"Estem plenament compromesos amb la cura del planeta i la protecci\u00f3 del medi ambient per aix\u00f2 comptem amb certificats de qualitat\" \/>\n<meta property=\"og:url\" content=\"https:\/\/tefmontajes.com\/ca\/qualitat\/\" \/>\n<meta property=\"og:site_name\" content=\"TEF Montajes\" \/>\n<meta property=\"article:modified_time\" content=\"2026-04-28T09:26:40+00:00\" \/>\n<meta property=\"og:image\" content=\"https:\/\/tefmontajes.com\/wp-content\/uploads\/2024\/07\/qualitat.png\" \/>\n\t<meta property=\"og:image:width\" content=\"1440\" \/>\n\t<meta property=\"og:image:height\" content=\"500\" \/>\n\t<meta property=\"og:image:type\" content=\"image\/png\" \/>\n<meta name=\"twitter:card\" content=\"summary_large_image\" \/>\n<meta name=\"twitter:label1\" content=\"Temps estimat de lectura\" \/>\n\t<meta name=\"twitter:data1\" content=\"1 minut\" \/>\n<script type=\"application\/ld+json\" class=\"yoast-schema-graph\">{\"@context\":\"https:\\\/\\\/schema.org\",\"@graph\":[{\"@type\":\"WebPage\",\"@id\":\"https:\\\/\\\/tefmontajes.com\\\/ca\\\/qualitat\\\/\",\"url\":\"https:\\\/\\\/tefmontajes.com\\\/ca\\\/qualitat\\\/\",\"name\":\"Qualitat - TEF Montajes\",\"isPartOf\":{\"@id\":\"https:\\\/\\\/tefmontajes.com\\\/en\\\/#website\"},\"primaryImageOfPage\":{\"@id\":\"https:\\\/\\\/tefmontajes.com\\\/ca\\\/qualitat\\\/#primaryimage\"},\"image\":{\"@id\":\"https:\\\/\\\/tefmontajes.com\\\/ca\\\/qualitat\\\/#primaryimage\"},\"thumbnailUrl\":\"https:\\\/\\\/tefmontajes.com\\\/wp-content\\\/uploads\\\/2024\\\/07\\\/qualitat.png\",\"datePublished\":\"2024-06-19T20:07:08+00:00\",\"dateModified\":\"2026-04-28T09:26:40+00:00\",\"description\":\"Estem plenament compromesos amb la cura del planeta i la protecci\u00f3 del medi ambient per aix\u00f2 comptem amb certificats de qualitat\",\"breadcrumb\":{\"@id\":\"https:\\\/\\\/tefmontajes.com\\\/ca\\\/qualitat\\\/#breadcrumb\"},\"inLanguage\":\"ca\",\"potentialAction\":[{\"@type\":\"ReadAction\",\"target\":[\"https:\\\/\\\/tefmontajes.com\\\/ca\\\/qualitat\\\/\"]}]},{\"@type\":\"ImageObject\",\"inLanguage\":\"ca\",\"@id\":\"https:\\\/\\\/tefmontajes.com\\\/ca\\\/qualitat\\\/#primaryimage\",\"url\":\"https:\\\/\\\/tefmontajes.com\\\/wp-content\\\/uploads\\\/2024\\\/07\\\/qualitat.png\",\"contentUrl\":\"https:\\\/\\\/tefmontajes.com\\\/wp-content\\\/uploads\\\/2024\\\/07\\\/qualitat.png\",\"width\":1440,\"height\":500},{\"@type\":\"BreadcrumbList\",\"@id\":\"https:\\\/\\\/tefmontajes.com\\\/ca\\\/qualitat\\\/#breadcrumb\",\"itemListElement\":[{\"@type\":\"ListItem\",\"position\":1,\"name\":\"Portada\",\"item\":\"https:\\\/\\\/tefmontajes.com\\\/ca\\\/home\\\/\"},{\"@type\":\"ListItem\",\"position\":2,\"name\":\"Qualitat\"}]},{\"@type\":\"WebSite\",\"@id\":\"https:\\\/\\\/tefmontajes.com\\\/en\\\/#website\",\"url\":\"https:\\\/\\\/tefmontajes.com\\\/en\\\/\",\"name\":\"TEF Montajes\",\"description\":\"\",\"publisher\":{\"@id\":\"https:\\\/\\\/tefmontajes.com\\\/en\\\/#organization\"},\"potentialAction\":[{\"@type\":\"SearchAction\",\"target\":{\"@type\":\"EntryPoint\",\"urlTemplate\":\"https:\\\/\\\/tefmontajes.com\\\/en\\\/?s={search_term_string}\"},\"query-input\":{\"@type\":\"PropertyValueSpecification\",\"valueRequired\":true,\"valueName\":\"search_term_string\"}}],\"inLanguage\":\"ca\"},{\"@type\":\"Organization\",\"@id\":\"https:\\\/\\\/tefmontajes.com\\\/en\\\/#organization\",\"name\":\"TEF Montajes\",\"url\":\"https:\\\/\\\/tefmontajes.com\\\/en\\\/\",\"logo\":{\"@type\":\"ImageObject\",\"inLanguage\":\"ca\",\"@id\":\"https:\\\/\\\/tefmontajes.com\\\/en\\\/#\\\/schema\\\/logo\\\/image\\\/\",\"url\":\"https:\\\/\\\/tefmontajes.com\\\/wp-content\\\/uploads\\\/2026\\\/01\\\/tef-favicon-1.png\",\"contentUrl\":\"https:\\\/\\\/tefmontajes.com\\\/wp-content\\\/uploads\\\/2026\\\/01\\\/tef-favicon-1.png\",\"width\":291,\"height\":291,\"caption\":\"TEF Montajes\"},\"image\":{\"@id\":\"https:\\\/\\\/tefmontajes.com\\\/en\\\/#\\\/schema\\\/logo\\\/image\\\/\"}}]}<\/script>\n<!-- \/ Yoast SEO plugin. -->","yoast_head_json":{"title":"Qualitat - TEF Montajes","description":"Estem plenament compromesos amb la cura del planeta i la protecci\u00f3 del medi ambient per aix\u00f2 comptem amb certificats de qualitat","robots":{"index":"index","follow":"follow","max-snippet":"max-snippet:-1","max-image-preview":"max-image-preview:large","max-video-preview":"max-video-preview:-1"},"canonical":"https:\/\/tefmontajes.com\/ca\/qualitat\/","og_locale":"ca_ES","og_type":"article","og_title":"Qualitat - TEF Montajes","og_description":"Estem plenament compromesos amb la cura del planeta i la protecci\u00f3 del medi ambient per aix\u00f2 comptem amb certificats de qualitat","og_url":"https:\/\/tefmontajes.com\/ca\/qualitat\/","og_site_name":"TEF Montajes","article_modified_time":"2026-04-28T09:26:40+00:00","og_image":[{"width":1440,"height":500,"url":"https:\/\/tefmontajes.com\/wp-content\/uploads\/2024\/07\/qualitat.png","type":"image\/png"}],"twitter_card":"summary_large_image","twitter_misc":{"Temps estimat de lectura":"1 minut"},"schema":{"@context":"https:\/\/schema.org","@graph":[{"@type":"WebPage","@id":"https:\/\/tefmontajes.com\/ca\/qualitat\/","url":"https:\/\/tefmontajes.com\/ca\/qualitat\/","name":"Qualitat - TEF Montajes","isPartOf":{"@id":"https:\/\/tefmontajes.com\/en\/#website"},"primaryImageOfPage":{"@id":"https:\/\/tefmontajes.com\/ca\/qualitat\/#primaryimage"},"image":{"@id":"https:\/\/tefmontajes.com\/ca\/qualitat\/#primaryimage"},"thumbnailUrl":"https:\/\/tefmontajes.com\/wp-content\/uploads\/2024\/07\/qualitat.png","datePublished":"2024-06-19T20:07:08+00:00","dateModified":"2026-04-28T09:26:40+00:00","description":"Estem plenament compromesos amb la cura del planeta i la protecci\u00f3 del medi ambient per aix\u00f2 comptem amb certificats de qualitat","breadcrumb":{"@id":"https:\/\/tefmontajes.com\/ca\/qualitat\/#breadcrumb"},"inLanguage":"ca","potentialAction":[{"@type":"ReadAction","target":["https:\/\/tefmontajes.com\/ca\/qualitat\/"]}]},{"@type":"ImageObject","inLanguage":"ca","@id":"https:\/\/tefmontajes.com\/ca\/qualitat\/#primaryimage","url":"https:\/\/tefmontajes.com\/wp-content\/uploads\/2024\/07\/qualitat.png","contentUrl":"https:\/\/tefmontajes.com\/wp-content\/uploads\/2024\/07\/qualitat.png","width":1440,"height":500},{"@type":"BreadcrumbList","@id":"https:\/\/tefmontajes.com\/ca\/qualitat\/#breadcrumb","itemListElement":[{"@type":"ListItem","position":1,"name":"Portada","item":"https:\/\/tefmontajes.com\/ca\/home\/"},{"@type":"ListItem","position":2,"name":"Qualitat"}]},{"@type":"WebSite","@id":"https:\/\/tefmontajes.com\/en\/#website","url":"https:\/\/tefmontajes.com\/en\/","name":"TEF Montajes","description":"","publisher":{"@id":"https:\/\/tefmontajes.com\/en\/#organization"},"potentialAction":[{"@type":"SearchAction","target":{"@type":"EntryPoint","urlTemplate":"https:\/\/tefmontajes.com\/en\/?s={search_term_string}"},"query-input":{"@type":"PropertyValueSpecification","valueRequired":true,"valueName":"search_term_string"}}],"inLanguage":"ca"},{"@type":"Organization","@id":"https:\/\/tefmontajes.com\/en\/#organization","name":"TEF Montajes","url":"https:\/\/tefmontajes.com\/en\/","logo":{"@type":"ImageObject","inLanguage":"ca","@id":"https:\/\/tefmontajes.com\/en\/#\/schema\/logo\/image\/","url":"https:\/\/tefmontajes.com\/wp-content\/uploads\/2026\/01\/tef-favicon-1.png","contentUrl":"https:\/\/tefmontajes.com\/wp-content\/uploads\/2026\/01\/tef-favicon-1.png","width":291,"height":291,"caption":"TEF Montajes"},"image":{"@id":"https:\/\/tefmontajes.com\/en\/#\/schema\/logo\/image\/"}}]}},"_links":{"self":[{"href":"https:\/\/tefmontajes.com\/ca\/wp-json\/wp\/v2\/pages\/2759","targetHints":{"allow":["GET"]}}],"collection":[{"href":"https:\/\/tefmontajes.com\/ca\/wp-json\/wp\/v2\/pages"}],"about":[{"href":"https:\/\/tefmontajes.com\/ca\/wp-json\/wp\/v2\/types\/page"}],"author":[{"embeddable":true,"href":"https:\/\/tefmontajes.com\/ca\/wp-json\/wp\/v2\/users\/4"}],"replies":[{"embeddable":true,"href":"https:\/\/tefmontajes.com\/ca\/wp-json\/wp\/v2\/comments?post=2759"}],"version-history":[{"count":4,"href":"https:\/\/tefmontajes.com\/ca\/wp-json\/wp\/v2\/pages\/2759\/revisions"}],"predecessor-version":[{"id":3337,"href":"https:\/\/tefmontajes.com\/ca\/wp-json\/wp\/v2\/pages\/2759\/revisions\/3337"}],"wp:featuredmedia":[{"embeddable":true,"href":"https:\/\/tefmontajes.com\/ca\/wp-json\/wp\/v2\/media\/773"}],"wp:attachment":[{"href":"https:\/\/tefmontajes.com\/ca\/wp-json\/wp\/v2\/media?parent=2759"}],"curies":[{"name":"wp","href":"https:\/\/api.w.org\/{rel}","templated":true}]}}