{"id":2761,"date":"2024-06-17T20:43:34","date_gmt":"2024-06-17T20:43:34","guid":{"rendered":"https:\/\/new.tefmontajes.com\/rework-de-bga-i-components-smd\/"},"modified":"2026-03-26T10:40:11","modified_gmt":"2026-03-26T10:40:11","slug":"rework-de-bga-i-components-smd","status":"publish","type":"page","link":"https:\/\/tefmontajes.com\/ca\/rework-de-bga-i-components-smd\/","title":{"rendered":"Rework de BGA i components SMD"},"content":{"rendered":"\t\t<div data-elementor-type=\"wp-page\" data-elementor-id=\"2761\" class=\"elementor elementor-2761 elementor-216\" data-elementor-post-type=\"page\">\n\t\t\t\t<div class=\"elementor-element elementor-element-85fe664 e-flex e-con-boxed e-con e-parent\" data-id=\"85fe664\" data-element_type=\"container\" data-e-type=\"container\">\n\t\t\t\t\t<div class=\"e-con-inner\">\n\t\t<div class=\"elementor-element elementor-element-25e7bcf e-flex e-con-boxed e-con e-child\" data-id=\"25e7bcf\" data-element_type=\"container\" data-e-type=\"container\">\n\t\t\t\t\t<div class=\"e-con-inner\">\n\t\t\t\t<div class=\"elementor-element elementor-element-226e390 elementor-widget elementor-widget-heading\" data-id=\"226e390\" data-element_type=\"widget\" data-e-type=\"widget\" data-widget_type=\"heading.default\">\n\t\t\t\t<div class=\"elementor-widget-container\">\n\t\t\t\t\t<h1 class=\"elementor-heading-title elementor-size-default\">Rework <span>de BGA<\/span> <br>i components SMD<\/h1>\t\t\t\t<\/div>\n\t\t\t\t<\/div>\n\t\t\t\t\t<\/div>\n\t\t\t\t<\/div>\n\t\t\t\t\t<\/div>\n\t\t\t\t<\/div>\n\t\t<div class=\"elementor-element elementor-element-6467454 e-flex e-con-boxed e-con e-parent\" data-id=\"6467454\" data-element_type=\"container\" data-e-type=\"container\">\n\t\t\t\t\t<div class=\"e-con-inner\">\n\t\t\t\t<div class=\"elementor-element elementor-element-ba39af1 elementor-widget elementor-widget-heading\" data-id=\"ba39af1\" data-element_type=\"widget\" data-e-type=\"widget\" data-widget_type=\"heading.default\">\n\t\t\t\t<div class=\"elementor-widget-container\">\n\t\t\t\t\t<h2 class=\"elementor-heading-title elementor-size-default\">Un proc\u00e9s controlat amb el qual aconseguim <span>recuperar PCBAs<\/span> que no funcionen<\/h2>\t\t\t\t<\/div>\n\t\t\t\t<\/div>\n\t\t\t\t<div class=\"elementor-element elementor-element-10c61f5 elementor-widget__width-initial elementor-widget elementor-widget-text-editor\" data-id=\"10c61f5\" data-element_type=\"widget\" data-e-type=\"widget\" data-widget_type=\"text-editor.default\">\n\t\t\t\t<div class=\"elementor-widget-container\">\n\t\t\t\t\t\t\t\t\t<p>A TEF tenim una estaci\u00f3 de rework amb perfil de temperatura controlat per a la reparaci\u00f3 i la soldadura de components electr\u00f2nics SMD.<\/p><p>Entre els components SMD que reparem i soldem es troben, entre d&#8217;altres, aquests tipus:<\/p>\t\t\t\t\t\t\t\t<\/div>\n\t\t\t\t<\/div>\n\t\t<div class=\"elementor-element elementor-element-bf9690f e-grid e-con-full e-con e-child\" data-id=\"bf9690f\" data-element_type=\"container\" data-e-type=\"container\">\n\t\t<div class=\"elementor-element elementor-element-7c19e56 e-con-full e-flex e-con e-child\" data-id=\"7c19e56\" data-element_type=\"container\" data-e-type=\"container\">\n\t\t\t\t<div class=\"elementor-element elementor-element-5560b32 elementor-widget elementor-widget-heading\" data-id=\"5560b32\" data-element_type=\"widget\" data-e-type=\"widget\" data-widget_type=\"heading.default\">\n\t\t\t\t<div class=\"elementor-widget-container\">\n\t\t\t\t\t<h5 class=\"elementor-heading-title elementor-size-default\">BGA<\/h5>\t\t\t\t<\/div>\n\t\t\t\t<\/div>\n\t\t\t\t<\/div>\n\t\t<div class=\"elementor-element elementor-element-96a7886 e-con-full e-flex e-con e-child\" data-id=\"96a7886\" data-element_type=\"container\" data-e-type=\"container\">\n\t\t\t\t<div class=\"elementor-element elementor-element-64c6253 elementor-widget elementor-widget-heading\" data-id=\"64c6253\" data-element_type=\"widget\" data-e-type=\"widget\" data-widget_type=\"heading.default\">\n\t\t\t\t<div class=\"elementor-widget-container\">\n\t\t\t\t\t<h5 class=\"elementor-heading-title elementor-size-default\">QFN<\/h5>\t\t\t\t<\/div>\n\t\t\t\t<\/div>\n\t\t\t\t<\/div>\n\t\t<div class=\"elementor-element elementor-element-976ef0d e-con-full e-flex e-con e-child\" data-id=\"976ef0d\" data-element_type=\"container\" data-e-type=\"container\">\n\t\t\t\t<div class=\"elementor-element elementor-element-596300a elementor-widget elementor-widget-heading\" data-id=\"596300a\" data-element_type=\"widget\" data-e-type=\"widget\" data-widget_type=\"heading.default\">\n\t\t\t\t<div class=\"elementor-widget-container\">\n\t\t\t\t\t<h5 class=\"elementor-heading-title elementor-size-default\">PLCC<\/h5>\t\t\t\t<\/div>\n\t\t\t\t<\/div>\n\t\t\t\t<\/div>\n\t\t<div class=\"elementor-element elementor-element-cdace77 e-con-full e-flex e-con e-child\" data-id=\"cdace77\" data-element_type=\"container\" data-e-type=\"container\">\n\t\t\t\t<div class=\"elementor-element elementor-element-6149090 elementor-widget elementor-widget-heading\" data-id=\"6149090\" data-element_type=\"widget\" data-e-type=\"widget\" data-widget_type=\"heading.default\">\n\t\t\t\t<div class=\"elementor-widget-container\">\n\t\t\t\t\t<h5 class=\"elementor-heading-title elementor-size-default\">LGA<\/h5>\t\t\t\t<\/div>\n\t\t\t\t<\/div>\n\t\t\t\t<\/div>\n\t\t\t\t<\/div>\n\t\t\t\t\t<\/div>\n\t\t\t\t<\/div>\n\t\t<div class=\"elementor-element elementor-element-1728a95 e-flex e-con-boxed e-con e-parent\" data-id=\"1728a95\" data-element_type=\"container\" data-e-type=\"container\" data-settings=\"{&quot;background_background&quot;:&quot;classic&quot;}\">\n\t\t\t\t\t<div class=\"e-con-inner\">\n\t\t\t\t<div class=\"elementor-element elementor-element-cdc11be elementor-widget__width-initial elementor-widget elementor-widget-heading\" data-id=\"cdc11be\" data-element_type=\"widget\" data-e-type=\"widget\" data-widget_type=\"heading.default\">\n\t\t\t\t<div class=\"elementor-widget-container\">\n\t\t\t\t\t<h2 class=\"elementor-heading-title elementor-size-default\">Com fem el rework de components electr\u00f2nics?\n<\/h2>\t\t\t\t<\/div>\n\t\t\t\t<\/div>\n\t\t\t\t<div class=\"elementor-element elementor-element-17ff6af elementor-widget__width-initial elementor-widget elementor-widget-text-editor\" data-id=\"17ff6af\" data-element_type=\"widget\" data-e-type=\"widget\" data-widget_type=\"text-editor.default\">\n\t\t\t\t<div class=\"elementor-widget-container\">\n\t\t\t\t\t\t\t\t\t<p>El proc\u00e9s que duu a terme el nostre equip t\u00e8cnic consisteix a localitzar i desoldar els components defectuosos, netejar i restaurar els elements necessaris i finalment col\u00b7locar i soldar el component nou o reparat a la PCBA.<\/p><p>\u00c9s un proc\u00e9s controlat, amb el qual garantim la recuperaci\u00f3 dels teus equips electr\u00f2nics.<\/p>\t\t\t\t\t\t\t\t<\/div>\n\t\t\t\t<\/div>\n\t\t\t\t\t<\/div>\n\t\t\t\t<\/div>\n\t\t<div class=\"elementor-element elementor-element-77038e5 e-flex e-con-boxed e-con e-parent\" data-id=\"77038e5\" data-element_type=\"container\" data-e-type=\"container\" data-settings=\"{&quot;background_background&quot;:&quot;classic&quot;}\">\n\t\t\t\t\t<div class=\"e-con-inner\">\n\t\t<div class=\"elementor-element elementor-element-7bbce59 e-con-full e-flex e-con e-child\" data-id=\"7bbce59\" data-element_type=\"container\" data-e-type=\"container\">\n\t\t\t\t<div class=\"elementor-element elementor-element-abcb774 elementor-widget__width-initial elementor-widget elementor-widget-heading\" data-id=\"abcb774\" data-element_type=\"widget\" data-e-type=\"widget\" data-widget_type=\"heading.default\">\n\t\t\t\t<div class=\"elementor-widget-container\">\n\t\t\t\t\t<h3 class=\"elementor-heading-title elementor-size-default\">Comptem amb la tecnologia adequada per al canvi de components SMD<\/h3>\t\t\t\t<\/div>\n\t\t\t\t<\/div>\n\t\t\t\t<div class=\"elementor-element elementor-element-6b47c97 elementor-widget__width-inherit elementor-widget elementor-widget-text-editor\" data-id=\"6b47c97\" data-element_type=\"widget\" data-e-type=\"widget\" data-widget_type=\"text-editor.default\">\n\t\t\t\t<div class=\"elementor-widget-container\">\n\t\t\t\t\t\t\t\t\t<p>Necessites reparar les teves PCBAs?<br>Contacta amb TEF per a m\u00e9s informaci\u00f3.<\/p>\t\t\t\t\t\t\t\t<\/div>\n\t\t\t\t<\/div>\n\t\t\t\t<div class=\"elementor-element elementor-element-59bc573 elementor-widget elementor-widget-button\" data-id=\"59bc573\" data-element_type=\"widget\" data-e-type=\"widget\" data-widget_type=\"button.default\">\n\t\t\t\t<div class=\"elementor-widget-container\">\n\t\t\t\t\t\t\t\t\t<div class=\"elementor-button-wrapper\">\n\t\t\t\t\t<a class=\"elementor-button elementor-button-link elementor-size-sm\" href=\"https:\/\/tefmontajes.com\/ca\/contacte\/\">\n\t\t\t\t\t\t<span class=\"elementor-button-content-wrapper\">\n\t\t\t\t\t\t\t\t\t<span class=\"elementor-button-text\">CONTACTA AMB NOSALTRES<\/span>\n\t\t\t\t\t<\/span>\n\t\t\t\t\t<\/a>\n\t\t\t\t<\/div>\n\t\t\t\t\t\t\t\t<\/div>\n\t\t\t\t<\/div>\n\t\t\t\t<\/div>\n\t\t\t\t\t<\/div>\n\t\t\t\t<\/div>\n\t\t\t\t<\/div>\n\t\t","protected":false},"excerpt":{"rendered":"<p>Rework de BGA i components SMD Un proc\u00e9s controlat amb el qual aconseguim recuperar PCBAs que no funcionen A TEF tenim una estaci\u00f3 de rework amb perfil de temperatura controlat per a la reparaci\u00f3 i la soldadura de components electr\u00f2nics SMD. Entre els components SMD que reparem i soldem es troben, entre d&#8217;altres, aquests tipus: [&hellip;]<\/p>\n","protected":false},"author":5,"featured_media":342,"parent":0,"menu_order":0,"comment_status":"closed","ping_status":"closed","template":"elementor_header_footer","meta":{"_acf_changed":false,"footnotes":""},"class_list":["post-2761","page","type-page","status-publish","has-post-thumbnail","hentry"],"acf":[],"yoast_head":"<!-- This site is optimized with the Yoast SEO plugin v27.4 - https:\/\/yoast.com\/product\/yoast-seo-wordpress\/ -->\n<title>Rework de BGA i components SMD - TEF Montajes<\/title>\n<meta name=\"description\" content=\"Disposem d&#039;una estaci\u00f3 de rework amb perfil de temperatura controlat per a la reparaci\u00f3 i la soldadura de components electr\u00f2nics SMD.\" \/>\n<meta name=\"robots\" content=\"index, follow, max-snippet:-1, max-image-preview:large, max-video-preview:-1\" \/>\n<link rel=\"canonical\" href=\"https:\/\/tefmontajes.com\/ca\/rework-de-bga-i-components-smd\/\" \/>\n<meta property=\"og:locale\" content=\"ca_ES\" \/>\n<meta property=\"og:type\" content=\"article\" \/>\n<meta property=\"og:title\" content=\"Rework de BGA i components SMD - TEF Montajes\" \/>\n<meta property=\"og:description\" content=\"Disposem d&#039;una estaci\u00f3 de rework amb perfil de temperatura controlat per a la reparaci\u00f3 i la soldadura de components electr\u00f2nics SMD.\" \/>\n<meta property=\"og:url\" content=\"https:\/\/tefmontajes.com\/ca\/rework-de-bga-i-components-smd\/\" \/>\n<meta property=\"og:site_name\" content=\"TEF Montajes\" \/>\n<meta property=\"article:modified_time\" content=\"2026-03-26T10:40:11+00:00\" \/>\n<meta property=\"og:image\" content=\"https:\/\/tefmontajes.com\/wp-content\/uploads\/2024\/06\/hero-pcbs.png\" \/>\n\t<meta property=\"og:image:width\" content=\"1440\" \/>\n\t<meta property=\"og:image:height\" content=\"500\" \/>\n\t<meta property=\"og:image:type\" content=\"image\/png\" \/>\n<meta name=\"twitter:card\" content=\"summary_large_image\" \/>\n<meta name=\"twitter:label1\" content=\"Temps estimat de lectura\" \/>\n\t<meta name=\"twitter:data1\" content=\"1 minut\" \/>\n<script type=\"application\/ld+json\" class=\"yoast-schema-graph\">{\"@context\":\"https:\\\/\\\/schema.org\",\"@graph\":[{\"@type\":\"WebPage\",\"@id\":\"https:\\\/\\\/tefmontajes.com\\\/ca\\\/rework-de-bga-i-components-smd\\\/\",\"url\":\"https:\\\/\\\/tefmontajes.com\\\/ca\\\/rework-de-bga-i-components-smd\\\/\",\"name\":\"Rework de BGA i components SMD - TEF Montajes\",\"isPartOf\":{\"@id\":\"https:\\\/\\\/tefmontajes.com\\\/en\\\/#website\"},\"primaryImageOfPage\":{\"@id\":\"https:\\\/\\\/tefmontajes.com\\\/ca\\\/rework-de-bga-i-components-smd\\\/#primaryimage\"},\"image\":{\"@id\":\"https:\\\/\\\/tefmontajes.com\\\/ca\\\/rework-de-bga-i-components-smd\\\/#primaryimage\"},\"thumbnailUrl\":\"https:\\\/\\\/tefmontajes.com\\\/wp-content\\\/uploads\\\/2024\\\/06\\\/hero-pcbs.png\",\"datePublished\":\"2024-06-17T20:43:34+00:00\",\"dateModified\":\"2026-03-26T10:40:11+00:00\",\"description\":\"Disposem d'una estaci\u00f3 de rework amb perfil de temperatura controlat per a la reparaci\u00f3 i la soldadura de components electr\u00f2nics SMD.\",\"breadcrumb\":{\"@id\":\"https:\\\/\\\/tefmontajes.com\\\/ca\\\/rework-de-bga-i-components-smd\\\/#breadcrumb\"},\"inLanguage\":\"ca\",\"potentialAction\":[{\"@type\":\"ReadAction\",\"target\":[\"https:\\\/\\\/tefmontajes.com\\\/ca\\\/rework-de-bga-i-components-smd\\\/\"]}]},{\"@type\":\"ImageObject\",\"inLanguage\":\"ca\",\"@id\":\"https:\\\/\\\/tefmontajes.com\\\/ca\\\/rework-de-bga-i-components-smd\\\/#primaryimage\",\"url\":\"https:\\\/\\\/tefmontajes.com\\\/wp-content\\\/uploads\\\/2024\\\/06\\\/hero-pcbs.png\",\"contentUrl\":\"https:\\\/\\\/tefmontajes.com\\\/wp-content\\\/uploads\\\/2024\\\/06\\\/hero-pcbs.png\",\"width\":1440,\"height\":500},{\"@type\":\"BreadcrumbList\",\"@id\":\"https:\\\/\\\/tefmontajes.com\\\/ca\\\/rework-de-bga-i-components-smd\\\/#breadcrumb\",\"itemListElement\":[{\"@type\":\"ListItem\",\"position\":1,\"name\":\"Portada\",\"item\":\"https:\\\/\\\/tefmontajes.com\\\/ca\\\/home\\\/\"},{\"@type\":\"ListItem\",\"position\":2,\"name\":\"Rework de BGA i components SMD\"}]},{\"@type\":\"WebSite\",\"@id\":\"https:\\\/\\\/tefmontajes.com\\\/en\\\/#website\",\"url\":\"https:\\\/\\\/tefmontajes.com\\\/en\\\/\",\"name\":\"TEF Montajes\",\"description\":\"\",\"publisher\":{\"@id\":\"https:\\\/\\\/tefmontajes.com\\\/en\\\/#organization\"},\"potentialAction\":[{\"@type\":\"SearchAction\",\"target\":{\"@type\":\"EntryPoint\",\"urlTemplate\":\"https:\\\/\\\/tefmontajes.com\\\/en\\\/?s={search_term_string}\"},\"query-input\":{\"@type\":\"PropertyValueSpecification\",\"valueRequired\":true,\"valueName\":\"search_term_string\"}}],\"inLanguage\":\"ca\"},{\"@type\":\"Organization\",\"@id\":\"https:\\\/\\\/tefmontajes.com\\\/en\\\/#organization\",\"name\":\"TEF Montajes\",\"url\":\"https:\\\/\\\/tefmontajes.com\\\/en\\\/\",\"logo\":{\"@type\":\"ImageObject\",\"inLanguage\":\"ca\",\"@id\":\"https:\\\/\\\/tefmontajes.com\\\/en\\\/#\\\/schema\\\/logo\\\/image\\\/\",\"url\":\"https:\\\/\\\/tefmontajes.com\\\/wp-content\\\/uploads\\\/2026\\\/01\\\/tef-favicon-1.png\",\"contentUrl\":\"https:\\\/\\\/tefmontajes.com\\\/wp-content\\\/uploads\\\/2026\\\/01\\\/tef-favicon-1.png\",\"width\":291,\"height\":291,\"caption\":\"TEF Montajes\"},\"image\":{\"@id\":\"https:\\\/\\\/tefmontajes.com\\\/en\\\/#\\\/schema\\\/logo\\\/image\\\/\"}}]}<\/script>\n<!-- \/ Yoast SEO plugin. -->","yoast_head_json":{"title":"Rework de BGA i components SMD - TEF Montajes","description":"Disposem d'una estaci\u00f3 de rework amb perfil de temperatura controlat per a la reparaci\u00f3 i la soldadura de components electr\u00f2nics SMD.","robots":{"index":"index","follow":"follow","max-snippet":"max-snippet:-1","max-image-preview":"max-image-preview:large","max-video-preview":"max-video-preview:-1"},"canonical":"https:\/\/tefmontajes.com\/ca\/rework-de-bga-i-components-smd\/","og_locale":"ca_ES","og_type":"article","og_title":"Rework de BGA i components SMD - TEF Montajes","og_description":"Disposem d'una estaci\u00f3 de rework amb perfil de temperatura controlat per a la reparaci\u00f3 i la soldadura de components electr\u00f2nics SMD.","og_url":"https:\/\/tefmontajes.com\/ca\/rework-de-bga-i-components-smd\/","og_site_name":"TEF Montajes","article_modified_time":"2026-03-26T10:40:11+00:00","og_image":[{"width":1440,"height":500,"url":"https:\/\/tefmontajes.com\/wp-content\/uploads\/2024\/06\/hero-pcbs.png","type":"image\/png"}],"twitter_card":"summary_large_image","twitter_misc":{"Temps estimat de lectura":"1 minut"},"schema":{"@context":"https:\/\/schema.org","@graph":[{"@type":"WebPage","@id":"https:\/\/tefmontajes.com\/ca\/rework-de-bga-i-components-smd\/","url":"https:\/\/tefmontajes.com\/ca\/rework-de-bga-i-components-smd\/","name":"Rework de BGA i components SMD - TEF Montajes","isPartOf":{"@id":"https:\/\/tefmontajes.com\/en\/#website"},"primaryImageOfPage":{"@id":"https:\/\/tefmontajes.com\/ca\/rework-de-bga-i-components-smd\/#primaryimage"},"image":{"@id":"https:\/\/tefmontajes.com\/ca\/rework-de-bga-i-components-smd\/#primaryimage"},"thumbnailUrl":"https:\/\/tefmontajes.com\/wp-content\/uploads\/2024\/06\/hero-pcbs.png","datePublished":"2024-06-17T20:43:34+00:00","dateModified":"2026-03-26T10:40:11+00:00","description":"Disposem d'una estaci\u00f3 de rework amb perfil de temperatura controlat per a la reparaci\u00f3 i la soldadura de components electr\u00f2nics SMD.","breadcrumb":{"@id":"https:\/\/tefmontajes.com\/ca\/rework-de-bga-i-components-smd\/#breadcrumb"},"inLanguage":"ca","potentialAction":[{"@type":"ReadAction","target":["https:\/\/tefmontajes.com\/ca\/rework-de-bga-i-components-smd\/"]}]},{"@type":"ImageObject","inLanguage":"ca","@id":"https:\/\/tefmontajes.com\/ca\/rework-de-bga-i-components-smd\/#primaryimage","url":"https:\/\/tefmontajes.com\/wp-content\/uploads\/2024\/06\/hero-pcbs.png","contentUrl":"https:\/\/tefmontajes.com\/wp-content\/uploads\/2024\/06\/hero-pcbs.png","width":1440,"height":500},{"@type":"BreadcrumbList","@id":"https:\/\/tefmontajes.com\/ca\/rework-de-bga-i-components-smd\/#breadcrumb","itemListElement":[{"@type":"ListItem","position":1,"name":"Portada","item":"https:\/\/tefmontajes.com\/ca\/home\/"},{"@type":"ListItem","position":2,"name":"Rework de BGA i components SMD"}]},{"@type":"WebSite","@id":"https:\/\/tefmontajes.com\/en\/#website","url":"https:\/\/tefmontajes.com\/en\/","name":"TEF Montajes","description":"","publisher":{"@id":"https:\/\/tefmontajes.com\/en\/#organization"},"potentialAction":[{"@type":"SearchAction","target":{"@type":"EntryPoint","urlTemplate":"https:\/\/tefmontajes.com\/en\/?s={search_term_string}"},"query-input":{"@type":"PropertyValueSpecification","valueRequired":true,"valueName":"search_term_string"}}],"inLanguage":"ca"},{"@type":"Organization","@id":"https:\/\/tefmontajes.com\/en\/#organization","name":"TEF Montajes","url":"https:\/\/tefmontajes.com\/en\/","logo":{"@type":"ImageObject","inLanguage":"ca","@id":"https:\/\/tefmontajes.com\/en\/#\/schema\/logo\/image\/","url":"https:\/\/tefmontajes.com\/wp-content\/uploads\/2026\/01\/tef-favicon-1.png","contentUrl":"https:\/\/tefmontajes.com\/wp-content\/uploads\/2026\/01\/tef-favicon-1.png","width":291,"height":291,"caption":"TEF Montajes"},"image":{"@id":"https:\/\/tefmontajes.com\/en\/#\/schema\/logo\/image\/"}}]}},"_links":{"self":[{"href":"https:\/\/tefmontajes.com\/ca\/wp-json\/wp\/v2\/pages\/2761","targetHints":{"allow":["GET"]}}],"collection":[{"href":"https:\/\/tefmontajes.com\/ca\/wp-json\/wp\/v2\/pages"}],"about":[{"href":"https:\/\/tefmontajes.com\/ca\/wp-json\/wp\/v2\/types\/page"}],"author":[{"embeddable":true,"href":"https:\/\/tefmontajes.com\/ca\/wp-json\/wp\/v2\/users\/5"}],"replies":[{"embeddable":true,"href":"https:\/\/tefmontajes.com\/ca\/wp-json\/wp\/v2\/comments?post=2761"}],"version-history":[{"count":3,"href":"https:\/\/tefmontajes.com\/ca\/wp-json\/wp\/v2\/pages\/2761\/revisions"}],"predecessor-version":[{"id":3058,"href":"https:\/\/tefmontajes.com\/ca\/wp-json\/wp\/v2\/pages\/2761\/revisions\/3058"}],"wp:featuredmedia":[{"embeddable":true,"href":"https:\/\/tefmontajes.com\/ca\/wp-json\/wp\/v2\/media\/342"}],"wp:attachment":[{"href":"https:\/\/tefmontajes.com\/ca\/wp-json\/wp\/v2\/media?parent=2761"}],"curies":[{"name":"wp","href":"https:\/\/api.w.org\/{rel}","templated":true}]}}