{"id":2763,"date":"2024-06-19T20:03:38","date_gmt":"2024-06-19T20:03:38","guid":{"rendered":"https:\/\/new.tefmontajes.com\/sobre-nosaltres\/"},"modified":"2026-03-26T10:41:12","modified_gmt":"2026-03-26T10:41:12","slug":"sobre-nosaltres","status":"publish","type":"page","link":"https:\/\/tefmontajes.com\/ca\/sobre-nosaltres\/","title":{"rendered":"Sobre nosaltres"},"content":{"rendered":"\t\t<div data-elementor-type=\"wp-page\" data-elementor-id=\"2763\" class=\"elementor elementor-2763 elementor-407\" data-elementor-post-type=\"page\">\n\t\t\t\t<div class=\"elementor-element elementor-element-6d2ca5b e-flex e-con-boxed e-con e-parent\" data-id=\"6d2ca5b\" data-element_type=\"container\" data-e-type=\"container\">\n\t\t\t\t\t<div class=\"e-con-inner\">\n\t\t<div class=\"elementor-element elementor-element-e7136fe e-flex e-con-boxed e-con e-child\" data-id=\"e7136fe\" data-element_type=\"container\" data-e-type=\"container\">\n\t\t\t\t\t<div class=\"e-con-inner\">\n\t\t\t\t<div class=\"elementor-element elementor-element-c5dd3a9 elementor-widget elementor-widget-heading\" data-id=\"c5dd3a9\" data-element_type=\"widget\" data-e-type=\"widget\" data-widget_type=\"heading.default\">\n\t\t\t\t<div class=\"elementor-widget-container\">\n\t\t\t\t\t<h1 class=\"elementor-heading-title elementor-size-default\">Sobre <br><span>nosaltres<\/span><\/h1>\t\t\t\t<\/div>\n\t\t\t\t<\/div>\n\t\t\t\t\t<\/div>\n\t\t\t\t<\/div>\n\t\t\t\t\t<\/div>\n\t\t\t\t<\/div>\n\t\t<div class=\"elementor-element elementor-element-90b1b28 e-flex e-con-boxed e-con e-parent\" data-id=\"90b1b28\" data-element_type=\"container\" data-e-type=\"container\">\n\t\t\t\t\t<div class=\"e-con-inner\">\n\t\t<div class=\"elementor-element elementor-element-3cea6be e-con-full e-flex e-con e-child\" data-id=\"3cea6be\" data-element_type=\"container\" data-e-type=\"container\">\n\t\t\t\t<div class=\"elementor-element elementor-element-3168434 elementor-widget elementor-widget-heading\" data-id=\"3168434\" data-element_type=\"widget\" data-e-type=\"widget\" data-widget_type=\"heading.default\">\n\t\t\t\t<div class=\"elementor-widget-container\">\n\t\t\t\t\t<h2 class=\"elementor-heading-title elementor-size-default\">Hist\u00f2ria de <span>la companyia<\/span><\/h2>\t\t\t\t<\/div>\n\t\t\t\t<\/div>\n\t\t\t\t<div class=\"elementor-element elementor-element-bc99546 elementor-widget elementor-widget-text-editor\" data-id=\"bc99546\" data-element_type=\"widget\" data-e-type=\"widget\" data-widget_type=\"text-editor.default\">\n\t\t\t\t<div class=\"elementor-widget-container\">\n\t\t\t\t\t\t\t\t\t<p>Deia Josep Forges Nogu\u00e9s, el fundador de TEF, que l\u2019actiu m\u00e9s important de qualsevol organitzaci\u00f3 s\u00f3n les persones que en formen part, que la mouen, que li donen una vida pr\u00f2pia. Amb aquest esperit va crear TEF Montajes y Servicios l\u2019any 1982, ara fa m\u00e9s de quatre d\u00e8cades. <\/p>\t\t\t\t\t\t\t\t<\/div>\n\t\t\t\t<\/div>\n\t\t\t\t<div class=\"elementor-element elementor-element-c0778fa elementor-icon-list--layout-traditional elementor-list-item-link-full_width elementor-widget elementor-widget-icon-list\" data-id=\"c0778fa\" data-element_type=\"widget\" data-e-type=\"widget\" data-widget_type=\"icon-list.default\">\n\t\t\t\t<div class=\"elementor-widget-container\">\n\t\t\t\t\t\t\t<ul class=\"elementor-icon-list-items\">\n\t\t\t\t\t\t\t<li class=\"elementor-icon-list-item\">\n\t\t\t\t\t\t\t\t\t\t\t<span class=\"elementor-icon-list-icon\">\n\t\t\t\t\t\t\t<svg aria-hidden=\"true\" class=\"e-font-icon-svg e-fas-check\" viewBox=\"0 0 512 512\" xmlns=\"http:\/\/www.w3.org\/2000\/svg\"><path d=\"M173.898 439.404l-166.4-166.4c-9.997-9.997-9.997-26.206 0-36.204l36.203-36.204c9.997-9.998 26.207-9.998 36.204 0L192 312.69 432.095 72.596c9.997-9.997 26.207-9.997 36.204 0l36.203 36.204c9.997 9.997 9.997 26.206 0 36.204l-294.4 294.401c-9.998 9.997-26.207 9.997-36.204-.001z\"><\/path><\/svg>\t\t\t\t\t\t<\/span>\n\t\t\t\t\t\t\t\t\t\t<span class=\"elementor-icon-list-text\">L'objectiu de Josep Forges: oferir a altres fabricants tasques de subcontractaci\u00f3 de muntatge electr\u00f2nic. <\/span>\n\t\t\t\t\t\t\t\t\t<\/li>\n\t\t\t\t\t\t\t\t<li class=\"elementor-icon-list-item\">\n\t\t\t\t\t\t\t\t\t\t\t<span class=\"elementor-icon-list-icon\">\n\t\t\t\t\t\t\t<svg aria-hidden=\"true\" class=\"e-font-icon-svg e-fas-check\" viewBox=\"0 0 512 512\" xmlns=\"http:\/\/www.w3.org\/2000\/svg\"><path d=\"M173.898 439.404l-166.4-166.4c-9.997-9.997-9.997-26.206 0-36.204l36.203-36.204c9.997-9.998 26.207-9.998 36.204 0L192 312.69 432.095 72.596c9.997-9.997 26.207-9.997 36.204 0l36.203 36.204c9.997 9.997 9.997 26.206 0 36.204l-294.4 294.401c-9.998 9.997-26.207 9.997-36.204-.001z\"><\/path><\/svg>\t\t\t\t\t\t<\/span>\n\t\t\t\t\t\t\t\t\t\t<span class=\"elementor-icon-list-text\">El seu m\u00e8tode: una millora constant de la qualitat, una atenci\u00f3 especial al servei i l\u2019aposta per les persones que formen l'equip de TEF.<\/span>\n\t\t\t\t\t\t\t\t\t<\/li>\n\t\t\t\t\t\t<\/ul>\n\t\t\t\t\t\t<\/div>\n\t\t\t\t<\/div>\n\t\t\t\t<div class=\"elementor-element elementor-element-cf59f87 elementor-widget elementor-widget-text-editor\" data-id=\"cf59f87\" data-element_type=\"widget\" data-e-type=\"widget\" data-widget_type=\"text-editor.default\">\n\t\t\t\t<div class=\"elementor-widget-container\">\n\t\t\t\t\t\t\t\t\t<p>Aquests principis s\u00f3n els que han fet de TEF el que avui som. El canvi generacional est\u00e0 plenament consolidat. Ferran Forges, al capdavant de la companyia, conserva intactes els pilars sobre els que el seu pare va construir TEF.  <\/p><p>L\u2019esperit \u00e9s el mateix, l&#8217;electr\u00f2nica i la tecnologia han experimentat una evoluci\u00f3 extraordin\u00e0ria i ens han proporcionat eines noves que no haur\u00edem pogut somiar als anys 80, quan vam comen\u00e7ar a fer el nostre cam\u00ed.<\/p>\t\t\t\t\t\t\t\t<\/div>\n\t\t\t\t<\/div>\n\t\t\t\t<\/div>\n\t\t<div class=\"elementor-element elementor-element-a92c430 e-con-full e-flex e-con e-child\" data-id=\"a92c430\" data-element_type=\"container\" data-e-type=\"container\">\n\t\t<div class=\"elementor-element elementor-element-d54e730 e-con-full e-flex e-con e-child\" data-id=\"d54e730\" data-element_type=\"container\" data-e-type=\"container\">\n\t\t\t\t<div class=\"elementor-element elementor-element-cc00a83 elementor-widget elementor-widget-heading\" data-id=\"cc00a83\" data-element_type=\"widget\" data-e-type=\"widget\" data-widget_type=\"heading.default\">\n\t\t\t\t<div class=\"elementor-widget-container\">\n\t\t\t\t\t<h2 class=\"elementor-heading-title elementor-size-default\">El nostre <span>equip<\/span><\/h2>\t\t\t\t<\/div>\n\t\t\t\t<\/div>\n\t\t\t\t<div class=\"elementor-element elementor-element-a6acf8d elementor-widget elementor-widget-text-editor\" data-id=\"a6acf8d\" data-element_type=\"widget\" data-e-type=\"widget\" data-widget_type=\"text-editor.default\">\n\t\t\t\t<div class=\"elementor-widget-container\">\n\t\t\t\t\t\t\t\t\t<p>T\u00e8cnics, enginyers, especialistes, directius, comercials, administratius\u2026 L&#8217;equip de TEF \u00e9s ampli i divers i est\u00e0 format per professionals altament qualificats en cadascun dels seus \u00e0mbits d\u2019activitat.<\/p><p>Som un equip jove, din\u00e0mic i innovador, amb un perfil altament tecnol\u00f2gic i, el m\u00e9s important, amb idees i amb moltes ganes de seguir creixent, com a professionals i tamb\u00e9 com a persones.<\/p>\t\t\t\t\t\t\t\t<\/div>\n\t\t\t\t<\/div>\n\t\t\t\t<\/div>\n\t\t\t\t<div class=\"elementor-element elementor-element-002699b elementor-align-left elementor-widget elementor-widget-button\" data-id=\"002699b\" data-element_type=\"widget\" data-e-type=\"widget\" data-widget_type=\"button.default\">\n\t\t\t\t<div class=\"elementor-widget-container\">\n\t\t\t\t\t\t\t\t\t<div class=\"elementor-button-wrapper\">\n\t\t\t\t\t<a class=\"elementor-button elementor-button-link elementor-size-sm\" href=\"https:\/\/tefmontajes.com\/ca\/equip-tef\/\">\n\t\t\t\t\t\t<span class=\"elementor-button-content-wrapper\">\n\t\t\t\t\t\t\t\t\t<span class=\"elementor-button-text\">CONEIX EL NOSTRE EQUIP<\/span>\n\t\t\t\t\t<\/span>\n\t\t\t\t\t<\/a>\n\t\t\t\t<\/div>\n\t\t\t\t\t\t\t\t<\/div>\n\t\t\t\t<\/div>\n\t\t\t\t<\/div>\n\t\t\t\t<div class=\"elementor-element elementor-element-2b582e8 elementor-widget elementor-widget-image\" data-id=\"2b582e8\" data-element_type=\"widget\" data-e-type=\"widget\" data-widget_type=\"image.default\">\n\t\t\t\t<div class=\"elementor-widget-container\">\n\t\t\t\t\t\t\t\t\t\t\t\t\t\t\t<img fetchpriority=\"high\" decoding=\"async\" width=\"1600\" height=\"636\" src=\"https:\/\/tefmontajes.com\/wp-content\/uploads\/2025\/11\/equip-tef.jpg\" class=\"attachment-full size-full wp-image-2217\" alt=\"\" srcset=\"https:\/\/tefmontajes.com\/wp-content\/uploads\/2025\/11\/equip-tef.jpg 1600w, https:\/\/tefmontajes.com\/wp-content\/uploads\/2025\/11\/equip-tef-300x119.jpg 300w, https:\/\/tefmontajes.com\/wp-content\/uploads\/2025\/11\/equip-tef-1024x407.jpg 1024w, https:\/\/tefmontajes.com\/wp-content\/uploads\/2025\/11\/equip-tef-768x305.jpg 768w, https:\/\/tefmontajes.com\/wp-content\/uploads\/2025\/11\/equip-tef-1536x611.jpg 1536w\" sizes=\"(max-width: 1600px) 100vw, 1600px\" \/>\t\t\t\t\t\t\t\t\t\t\t\t\t\t\t<\/div>\n\t\t\t\t<\/div>\n\t\t\t\t\t<\/div>\n\t\t\t\t<\/div>\n\t\t\t\t<\/div>\n\t\t","protected":false},"excerpt":{"rendered":"<p>Sobre nosaltres Hist\u00f2ria de la companyia Deia Josep Forges Nogu\u00e9s, el fundador de TEF, que l\u2019actiu m\u00e9s important de qualsevol organitzaci\u00f3 s\u00f3n les persones que en formen part, que la mouen, que li donen una vida pr\u00f2pia. Amb aquest esperit va crear TEF Montajes y Servicios l\u2019any 1982, ara fa m\u00e9s de quatre d\u00e8cades. L&#8217;objectiu [&hellip;]<\/p>\n","protected":false},"author":4,"featured_media":2188,"parent":0,"menu_order":0,"comment_status":"closed","ping_status":"closed","template":"elementor_header_footer","meta":{"_acf_changed":false,"footnotes":""},"class_list":["post-2763","page","type-page","status-publish","has-post-thumbnail","hentry"],"acf":[],"yoast_head":"<!-- This site is optimized with the Yoast SEO plugin v27.4 - https:\/\/yoast.com\/product\/yoast-seo-wordpress\/ -->\n<title>Sobre nosaltres - TEF Montajes<\/title>\n<meta name=\"description\" content=\"L&#039;equip de TEF \u00e9s ampli i divers i est\u00e0 format per professionals altament qualificats a cadascun dels seus \u00e0mbits d&#039;activitat.\" \/>\n<meta name=\"robots\" content=\"index, follow, max-snippet:-1, max-image-preview:large, max-video-preview:-1\" \/>\n<link rel=\"canonical\" href=\"https:\/\/tefmontajes.com\/ca\/sobre-nosaltres\/\" \/>\n<meta property=\"og:locale\" content=\"ca_ES\" \/>\n<meta property=\"og:type\" content=\"article\" \/>\n<meta property=\"og:title\" content=\"Sobre nosaltres - TEF Montajes\" \/>\n<meta property=\"og:description\" content=\"L&#039;equip de TEF \u00e9s ampli i divers i est\u00e0 format per professionals altament qualificats a cadascun dels seus \u00e0mbits d&#039;activitat.\" \/>\n<meta property=\"og:url\" content=\"https:\/\/tefmontajes.com\/ca\/sobre-nosaltres\/\" \/>\n<meta property=\"og:site_name\" content=\"TEF Montajes\" \/>\n<meta property=\"article:modified_time\" content=\"2026-03-26T10:41:12+00:00\" \/>\n<meta property=\"og:image\" content=\"https:\/\/tefmontajes.com\/wp-content\/uploads\/2025\/11\/Personal-4-1-1-scaled.jpg\" \/>\n\t<meta property=\"og:image:width\" content=\"2560\" \/>\n\t<meta property=\"og:image:height\" content=\"1706\" \/>\n\t<meta property=\"og:image:type\" content=\"image\/jpeg\" \/>\n<meta name=\"twitter:card\" content=\"summary_large_image\" \/>\n<meta name=\"twitter:label1\" content=\"Temps estimat de lectura\" \/>\n\t<meta name=\"twitter:data1\" content=\"1 minut\" \/>\n<script type=\"application\/ld+json\" class=\"yoast-schema-graph\">{\"@context\":\"https:\\\/\\\/schema.org\",\"@graph\":[{\"@type\":\"WebPage\",\"@id\":\"https:\\\/\\\/tefmontajes.com\\\/ca\\\/sobre-nosaltres\\\/\",\"url\":\"https:\\\/\\\/tefmontajes.com\\\/ca\\\/sobre-nosaltres\\\/\",\"name\":\"Sobre nosaltres - TEF Montajes\",\"isPartOf\":{\"@id\":\"https:\\\/\\\/tefmontajes.com\\\/en\\\/#website\"},\"primaryImageOfPage\":{\"@id\":\"https:\\\/\\\/tefmontajes.com\\\/ca\\\/sobre-nosaltres\\\/#primaryimage\"},\"image\":{\"@id\":\"https:\\\/\\\/tefmontajes.com\\\/ca\\\/sobre-nosaltres\\\/#primaryimage\"},\"thumbnailUrl\":\"https:\\\/\\\/tefmontajes.com\\\/wp-content\\\/uploads\\\/2025\\\/11\\\/Personal-4-1-1-scaled.jpg\",\"datePublished\":\"2024-06-19T20:03:38+00:00\",\"dateModified\":\"2026-03-26T10:41:12+00:00\",\"description\":\"L'equip de TEF \u00e9s ampli i divers i est\u00e0 format per professionals altament qualificats a cadascun dels seus \u00e0mbits d'activitat.\",\"breadcrumb\":{\"@id\":\"https:\\\/\\\/tefmontajes.com\\\/ca\\\/sobre-nosaltres\\\/#breadcrumb\"},\"inLanguage\":\"ca\",\"potentialAction\":[{\"@type\":\"ReadAction\",\"target\":[\"https:\\\/\\\/tefmontajes.com\\\/ca\\\/sobre-nosaltres\\\/\"]}]},{\"@type\":\"ImageObject\",\"inLanguage\":\"ca\",\"@id\":\"https:\\\/\\\/tefmontajes.com\\\/ca\\\/sobre-nosaltres\\\/#primaryimage\",\"url\":\"https:\\\/\\\/tefmontajes.com\\\/wp-content\\\/uploads\\\/2025\\\/11\\\/Personal-4-1-1-scaled.jpg\",\"contentUrl\":\"https:\\\/\\\/tefmontajes.com\\\/wp-content\\\/uploads\\\/2025\\\/11\\\/Personal-4-1-1-scaled.jpg\",\"width\":2560,\"height\":1706,\"caption\":\"sobre nosotros\"},{\"@type\":\"BreadcrumbList\",\"@id\":\"https:\\\/\\\/tefmontajes.com\\\/ca\\\/sobre-nosaltres\\\/#breadcrumb\",\"itemListElement\":[{\"@type\":\"ListItem\",\"position\":1,\"name\":\"Portada\",\"item\":\"https:\\\/\\\/tefmontajes.com\\\/ca\\\/home\\\/\"},{\"@type\":\"ListItem\",\"position\":2,\"name\":\"Sobre nosaltres\"}]},{\"@type\":\"WebSite\",\"@id\":\"https:\\\/\\\/tefmontajes.com\\\/en\\\/#website\",\"url\":\"https:\\\/\\\/tefmontajes.com\\\/en\\\/\",\"name\":\"TEF Montajes\",\"description\":\"\",\"publisher\":{\"@id\":\"https:\\\/\\\/tefmontajes.com\\\/en\\\/#organization\"},\"potentialAction\":[{\"@type\":\"SearchAction\",\"target\":{\"@type\":\"EntryPoint\",\"urlTemplate\":\"https:\\\/\\\/tefmontajes.com\\\/en\\\/?s={search_term_string}\"},\"query-input\":{\"@type\":\"PropertyValueSpecification\",\"valueRequired\":true,\"valueName\":\"search_term_string\"}}],\"inLanguage\":\"ca\"},{\"@type\":\"Organization\",\"@id\":\"https:\\\/\\\/tefmontajes.com\\\/en\\\/#organization\",\"name\":\"TEF Montajes\",\"url\":\"https:\\\/\\\/tefmontajes.com\\\/en\\\/\",\"logo\":{\"@type\":\"ImageObject\",\"inLanguage\":\"ca\",\"@id\":\"https:\\\/\\\/tefmontajes.com\\\/en\\\/#\\\/schema\\\/logo\\\/image\\\/\",\"url\":\"https:\\\/\\\/tefmontajes.com\\\/wp-content\\\/uploads\\\/2026\\\/01\\\/tef-favicon-1.png\",\"contentUrl\":\"https:\\\/\\\/tefmontajes.com\\\/wp-content\\\/uploads\\\/2026\\\/01\\\/tef-favicon-1.png\",\"width\":291,\"height\":291,\"caption\":\"TEF Montajes\"},\"image\":{\"@id\":\"https:\\\/\\\/tefmontajes.com\\\/en\\\/#\\\/schema\\\/logo\\\/image\\\/\"}}]}<\/script>\n<!-- \/ Yoast SEO plugin. -->","yoast_head_json":{"title":"Sobre nosaltres - TEF Montajes","description":"L'equip de TEF \u00e9s ampli i divers i est\u00e0 format per professionals altament qualificats a cadascun dels seus \u00e0mbits d'activitat.","robots":{"index":"index","follow":"follow","max-snippet":"max-snippet:-1","max-image-preview":"max-image-preview:large","max-video-preview":"max-video-preview:-1"},"canonical":"https:\/\/tefmontajes.com\/ca\/sobre-nosaltres\/","og_locale":"ca_ES","og_type":"article","og_title":"Sobre nosaltres - TEF Montajes","og_description":"L'equip de TEF \u00e9s ampli i divers i est\u00e0 format per professionals altament qualificats a cadascun dels seus \u00e0mbits d'activitat.","og_url":"https:\/\/tefmontajes.com\/ca\/sobre-nosaltres\/","og_site_name":"TEF Montajes","article_modified_time":"2026-03-26T10:41:12+00:00","og_image":[{"width":2560,"height":1706,"url":"https:\/\/tefmontajes.com\/wp-content\/uploads\/2025\/11\/Personal-4-1-1-scaled.jpg","type":"image\/jpeg"}],"twitter_card":"summary_large_image","twitter_misc":{"Temps estimat de lectura":"1 minut"},"schema":{"@context":"https:\/\/schema.org","@graph":[{"@type":"WebPage","@id":"https:\/\/tefmontajes.com\/ca\/sobre-nosaltres\/","url":"https:\/\/tefmontajes.com\/ca\/sobre-nosaltres\/","name":"Sobre nosaltres - TEF Montajes","isPartOf":{"@id":"https:\/\/tefmontajes.com\/en\/#website"},"primaryImageOfPage":{"@id":"https:\/\/tefmontajes.com\/ca\/sobre-nosaltres\/#primaryimage"},"image":{"@id":"https:\/\/tefmontajes.com\/ca\/sobre-nosaltres\/#primaryimage"},"thumbnailUrl":"https:\/\/tefmontajes.com\/wp-content\/uploads\/2025\/11\/Personal-4-1-1-scaled.jpg","datePublished":"2024-06-19T20:03:38+00:00","dateModified":"2026-03-26T10:41:12+00:00","description":"L'equip de TEF \u00e9s ampli i divers i est\u00e0 format per professionals altament qualificats a cadascun dels seus \u00e0mbits d'activitat.","breadcrumb":{"@id":"https:\/\/tefmontajes.com\/ca\/sobre-nosaltres\/#breadcrumb"},"inLanguage":"ca","potentialAction":[{"@type":"ReadAction","target":["https:\/\/tefmontajes.com\/ca\/sobre-nosaltres\/"]}]},{"@type":"ImageObject","inLanguage":"ca","@id":"https:\/\/tefmontajes.com\/ca\/sobre-nosaltres\/#primaryimage","url":"https:\/\/tefmontajes.com\/wp-content\/uploads\/2025\/11\/Personal-4-1-1-scaled.jpg","contentUrl":"https:\/\/tefmontajes.com\/wp-content\/uploads\/2025\/11\/Personal-4-1-1-scaled.jpg","width":2560,"height":1706,"caption":"sobre nosotros"},{"@type":"BreadcrumbList","@id":"https:\/\/tefmontajes.com\/ca\/sobre-nosaltres\/#breadcrumb","itemListElement":[{"@type":"ListItem","position":1,"name":"Portada","item":"https:\/\/tefmontajes.com\/ca\/home\/"},{"@type":"ListItem","position":2,"name":"Sobre nosaltres"}]},{"@type":"WebSite","@id":"https:\/\/tefmontajes.com\/en\/#website","url":"https:\/\/tefmontajes.com\/en\/","name":"TEF Montajes","description":"","publisher":{"@id":"https:\/\/tefmontajes.com\/en\/#organization"},"potentialAction":[{"@type":"SearchAction","target":{"@type":"EntryPoint","urlTemplate":"https:\/\/tefmontajes.com\/en\/?s={search_term_string}"},"query-input":{"@type":"PropertyValueSpecification","valueRequired":true,"valueName":"search_term_string"}}],"inLanguage":"ca"},{"@type":"Organization","@id":"https:\/\/tefmontajes.com\/en\/#organization","name":"TEF Montajes","url":"https:\/\/tefmontajes.com\/en\/","logo":{"@type":"ImageObject","inLanguage":"ca","@id":"https:\/\/tefmontajes.com\/en\/#\/schema\/logo\/image\/","url":"https:\/\/tefmontajes.com\/wp-content\/uploads\/2026\/01\/tef-favicon-1.png","contentUrl":"https:\/\/tefmontajes.com\/wp-content\/uploads\/2026\/01\/tef-favicon-1.png","width":291,"height":291,"caption":"TEF Montajes"},"image":{"@id":"https:\/\/tefmontajes.com\/en\/#\/schema\/logo\/image\/"}}]}},"_links":{"self":[{"href":"https:\/\/tefmontajes.com\/ca\/wp-json\/wp\/v2\/pages\/2763","targetHints":{"allow":["GET"]}}],"collection":[{"href":"https:\/\/tefmontajes.com\/ca\/wp-json\/wp\/v2\/pages"}],"about":[{"href":"https:\/\/tefmontajes.com\/ca\/wp-json\/wp\/v2\/types\/page"}],"author":[{"embeddable":true,"href":"https:\/\/tefmontajes.com\/ca\/wp-json\/wp\/v2\/users\/4"}],"replies":[{"embeddable":true,"href":"https:\/\/tefmontajes.com\/ca\/wp-json\/wp\/v2\/comments?post=2763"}],"version-history":[{"count":5,"href":"https:\/\/tefmontajes.com\/ca\/wp-json\/wp\/v2\/pages\/2763\/revisions"}],"predecessor-version":[{"id":3285,"href":"https:\/\/tefmontajes.com\/ca\/wp-json\/wp\/v2\/pages\/2763\/revisions\/3285"}],"wp:featuredmedia":[{"embeddable":true,"href":"https:\/\/tefmontajes.com\/ca\/wp-json\/wp\/v2\/media\/2188"}],"wp:attachment":[{"href":"https:\/\/tefmontajes.com\/ca\/wp-json\/wp\/v2\/media?parent=2763"}],"curies":[{"name":"wp","href":"https:\/\/api.w.org\/{rel}","templated":true}]}}