{"id":2810,"date":"2024-06-19T22:10:35","date_gmt":"2024-06-19T22:10:35","guid":{"rendered":"https:\/\/new.tefmontajes.com\/politica-de-privadesa\/"},"modified":"2025-12-10T15:31:26","modified_gmt":"2025-12-10T15:31:26","slug":"politica-de-privadesa","status":"publish","type":"page","link":"https:\/\/tefmontajes.com\/ca\/politica-de-privadesa\/","title":{"rendered":"Pol\u00edtica de privadesa"},"content":{"rendered":"\t\t<div data-elementor-type=\"wp-page\" data-elementor-id=\"2810\" class=\"elementor elementor-2810 elementor-609\" data-elementor-post-type=\"page\">\n\t\t\t\t<div class=\"elementor-element elementor-element-2272aec e-flex e-con-boxed e-con e-parent\" data-id=\"2272aec\" data-element_type=\"container\" data-e-type=\"container\">\n\t\t\t\t\t<div class=\"e-con-inner\">\n\t\t\t\t<div class=\"elementor-element elementor-element-aa1cb3d elementor-widget elementor-widget-heading\" data-id=\"aa1cb3d\" data-element_type=\"widget\" data-e-type=\"widget\" data-widget_type=\"heading.default\">\n\t\t\t\t<div class=\"elementor-widget-container\">\n\t\t\t\t\t<h2 class=\"elementor-heading-title elementor-size-default\">Pol\u00edtica de <span>privadesa <\/span><\/h2>\t\t\t\t<\/div>\n\t\t\t\t<\/div>\n\t\t\t\t<div class=\"elementor-element elementor-element-2e5537c elementor-widget elementor-widget-text-editor\" data-id=\"2e5537c\" data-element_type=\"widget\" data-e-type=\"widget\" data-widget_type=\"text-editor.default\">\n\t\t\t\t<div class=\"elementor-widget-container\">\n\t\t\t\t\t\t\t\t\t<p>TEF Montajes y Servicios, S. L. informa als usuaris del lloc web sobre la seva pol\u00edtica respecte del tractament i protecci\u00f3 de les dades de car\u00e0cter personal dels usuaris i clients que puguin ser recaptats per la navegaci\u00f3 o contractaci\u00f3 de serveis a trav\u00e9s del seu lloc web.<\/p>\n<p>En aquest sentit, TEF Montajes y Servicios, S. L. garanteix el compliment de la normativa vigent en mat\u00e8ria de protecci\u00f3 de dades personals, reflectida en la Llei Org\u00e0nica 15\/1999 de 13 de desembre, de Protecci\u00f3 de Dades de Car\u00e0cter Personal i en el Reial decret 1720\/2007, de 21 desembre, pel qual s\u2019aprova el Reglament de Desenvolupament de l\u2019LOPD.<\/p>\n<p>L\u2019\u00fas d\u2019aquest web implica l\u2019acceptaci\u00f3 d\u2019aquesta pol\u00edtica de privadesa.<\/p>\n<p>RECOLLIDA, FINALITAT I TRACTAMENTS DE DADES<\/p>\n<p>TEF Montajes y Servicios, S. L. t\u00e9 el deure informar als usuaris del seu lloc web sobre la recollida de dades de car\u00e0cter personal que poden dur-se a terme, b\u00e9 sigui mitjan\u00e7ant l\u2019enviament de correu electr\u00f2nic o en emplenar els formularis inclosos en el lloc web. En aquest sentit, TEF Montajes y Servicios, S. L. ser\u00e0 considerada com a responsable de les dades recaptades mitjan\u00e7ant els mitjans anteriorment descrits. <\/p>\n<p>Al seu torn TEF Montajes y Servicios, S. L. informa als usuaris que la finalitat del tractament de les dades recaptades contempla: l\u2019atenci\u00f3 de sol\u00b7licituds realitzades pels usuaris, la inclusi\u00f3 en l\u2019agenda de contactes, la prestaci\u00f3 de serveis i la gesti\u00f3 de la relaci\u00f3 comercial.<\/p>\n<p>Les operacions, gestions i procediments t\u00e8cnics que es realitzin de forma automatitzada o no automatitzada i que possibilitin la recollida, l\u2019emmagatzematge, la modificaci\u00f3, la transfer\u00e8ncia i altres accions sobre dades de car\u00e0cter personal, tenen la consideraci\u00f3 de tractament de dades personals.<\/p>\n<p>Totes les dades personals, que siguin recollits a trav\u00e9s del lloc web de TEF Montajes y Servicios, S. L., i per tant tingui la consideraci\u00f3 de tractament de dades de car\u00e0cter personal, seran incorporats en els fitxers declarats davant l\u2019Ag\u00e8ncia Espanyola de Protecci\u00f3 de Dades per TEF Montajes y Servicios, S. L.<\/p>\n<p>COMUNICACI\u00d3 D&#8217;INFORMACI\u00d3 A TERCERS<\/p>\n<p>TEF Montajes y Servicios, S. L. informa als usuaris que les seves dades personals no seran cedides a terceres organitzacions, amb l\u2019excepci\u00f3 que aquesta cessi\u00f3 de dades estigui emparada en una obligaci\u00f3 legal o quan la prestaci\u00f3 d\u2019un servei impliqui la necessitat d\u2019una relaci\u00f3 contractual amb un encarregat de tractament. En aquest \u00faltim cas, solament es dur\u00e0 a terme la cessi\u00f3 de dades al tercer quan TEF Montajes y Servicios, S. L. disposi del consentiment expr\u00e9s de l\u2019usuari. <\/p>\n<p>DRETS DELS USUARIS<\/p>\n<p>La Llei Org\u00e0nica 15\/1999, de 13 de desembre, de Protecci\u00f3 de Dades de Car\u00e0cter Personal concedeix als interessats la possibilitat d\u2019exercir una s\u00e8rie de drets relacionats amb el tractament de les seves dades personals.<\/p>\n<p>Mentre les dades de l\u2019usuari s\u00f3n objecte de tractament per part de TEF Montajes y Servicios, S. L., els usuaris podran exercir els drets d\u2019acc\u00e9s, rectificaci\u00f3, cancel\u00b7laci\u00f3 i oposici\u00f3 d\u2019acord amb el previst en la normativa legal vigent en mat\u00e8ria de protecci\u00f3 de dades personals.<\/p>\n<p>Per fer \u00fas de l\u2019exercici d\u2019aquests drets, l\u2019usuari haur\u00e0 de dirigir-se mitjan\u00e7ant comunicaci\u00f3 escrita, aportant documentaci\u00f3 que acrediti la seva identitat (DNI o passaport), a la seg\u00fcent adre\u00e7a: TEF Montajes y Servicios, S. L., Passatge Garrotxa, n\u00fam. 9, Pol\u00edgon Industrial Fonollar Nord, 08830 Sant Boi de Llobregat (Barcelona), o l\u2019adre\u00e7a que sigui substitu\u00efda en el Registre General de Protecci\u00f3 de Dades. Aquesta comunicaci\u00f3 haur\u00e0 de reflectir la seg\u00fcent informaci\u00f3: Nom i cognoms de l\u2019usuari, la petici\u00f3 de sol\u00b7licitud, el domicili i les dades acreditatives. <\/p>\n<p>L\u2019exercici de drets haur\u00e0 de ser realitzat pel propi usuari. No obstant aix\u00f2, podran ser executats per una persona autoritzada com a representant legal de l\u2019autoritzat. En tal cas, s\u2019haur\u00e0 d\u2019aportar la documentaci\u00f3 que acrediti aquesta representaci\u00f3 de l\u2019interessat.  <\/p>\t\t\t\t\t\t\t\t<\/div>\n\t\t\t\t<\/div>\n\t\t\t\t\t<\/div>\n\t\t\t\t<\/div>\n\t\t\t\t<\/div>\n\t\t","protected":false},"excerpt":{"rendered":"<p>Pol\u00edtica de privadesa TEF Montajes y Servicios, S. L. informa als usuaris del lloc web sobre la seva pol\u00edtica respecte del tractament i protecci\u00f3 de les dades de car\u00e0cter personal dels usuaris i clients que puguin ser recaptats per la navegaci\u00f3 o contractaci\u00f3 de serveis a trav\u00e9s del seu lloc web. En aquest sentit, TEF [&hellip;]<\/p>\n","protected":false},"author":5,"featured_media":0,"parent":0,"menu_order":0,"comment_status":"closed","ping_status":"closed","template":"elementor_header_footer","meta":{"_acf_changed":false,"footnotes":""},"class_list":["post-2810","page","type-page","status-publish","hentry"],"acf":[],"yoast_head":"<!-- This site is optimized with the Yoast SEO plugin v27.4 - https:\/\/yoast.com\/product\/yoast-seo-wordpress\/ -->\n<title>Pol\u00edtica de privadesa - TEF Montajes<\/title>\n<meta name=\"robots\" content=\"index, follow, max-snippet:-1, max-image-preview:large, max-video-preview:-1\" \/>\n<link rel=\"canonical\" href=\"https:\/\/tefmontajes.com\/politica-privacidad\/\" \/>\n<meta property=\"og:locale\" content=\"ca_ES\" \/>\n<meta property=\"og:type\" content=\"article\" \/>\n<meta property=\"og:title\" content=\"Pol\u00edtica de privadesa - TEF Montajes\" \/>\n<meta property=\"og:description\" content=\"Pol\u00edtica de privadesa TEF Montajes y Servicios, S. L. informa als usuaris del lloc web sobre la seva pol\u00edtica respecte del tractament i protecci\u00f3 de les dades de car\u00e0cter personal dels usuaris i clients que puguin ser recaptats per la navegaci\u00f3 o contractaci\u00f3 de serveis a trav\u00e9s del seu lloc web. En aquest sentit, TEF [&hellip;]\" \/>\n<meta property=\"og:url\" content=\"https:\/\/tefmontajes.com\/politica-privacidad\/\" \/>\n<meta property=\"og:site_name\" content=\"TEF Montajes\" \/>\n<meta property=\"article:modified_time\" content=\"2025-12-10T15:31:26+00:00\" \/>\n<meta name=\"twitter:card\" content=\"summary_large_image\" \/>\n<meta name=\"twitter:label1\" content=\"Temps estimat de lectura\" \/>\n\t<meta name=\"twitter:data1\" content=\"3 minuts\" \/>\n<script type=\"application\/ld+json\" class=\"yoast-schema-graph\">{\"@context\":\"https:\\\/\\\/schema.org\",\"@graph\":[{\"@type\":\"WebPage\",\"@id\":\"https:\\\/\\\/tefmontajes.com\\\/politica-privacidad\\\/\",\"url\":\"https:\\\/\\\/tefmontajes.com\\\/politica-privacidad\\\/\",\"name\":\"Pol\u00edtica de privadesa - TEF Montajes\",\"isPartOf\":{\"@id\":\"https:\\\/\\\/tefmontajes.com\\\/en\\\/#website\"},\"datePublished\":\"2024-06-19T22:10:35+00:00\",\"dateModified\":\"2025-12-10T15:31:26+00:00\",\"breadcrumb\":{\"@id\":\"https:\\\/\\\/tefmontajes.com\\\/politica-privacidad\\\/#breadcrumb\"},\"inLanguage\":\"ca\",\"potentialAction\":[{\"@type\":\"ReadAction\",\"target\":[\"https:\\\/\\\/tefmontajes.com\\\/politica-privacidad\\\/\"]}]},{\"@type\":\"BreadcrumbList\",\"@id\":\"https:\\\/\\\/tefmontajes.com\\\/politica-privacidad\\\/#breadcrumb\",\"itemListElement\":[{\"@type\":\"ListItem\",\"position\":1,\"name\":\"Portada\",\"item\":\"https:\\\/\\\/tefmontajes.com\\\/ca\\\/home\\\/\"},{\"@type\":\"ListItem\",\"position\":2,\"name\":\"Pol\u00edtica de privadesa\"}]},{\"@type\":\"WebSite\",\"@id\":\"https:\\\/\\\/tefmontajes.com\\\/en\\\/#website\",\"url\":\"https:\\\/\\\/tefmontajes.com\\\/en\\\/\",\"name\":\"TEF Montajes\",\"description\":\"\",\"publisher\":{\"@id\":\"https:\\\/\\\/tefmontajes.com\\\/en\\\/#organization\"},\"potentialAction\":[{\"@type\":\"SearchAction\",\"target\":{\"@type\":\"EntryPoint\",\"urlTemplate\":\"https:\\\/\\\/tefmontajes.com\\\/en\\\/?s={search_term_string}\"},\"query-input\":{\"@type\":\"PropertyValueSpecification\",\"valueRequired\":true,\"valueName\":\"search_term_string\"}}],\"inLanguage\":\"ca\"},{\"@type\":\"Organization\",\"@id\":\"https:\\\/\\\/tefmontajes.com\\\/en\\\/#organization\",\"name\":\"TEF Montajes\",\"url\":\"https:\\\/\\\/tefmontajes.com\\\/en\\\/\",\"logo\":{\"@type\":\"ImageObject\",\"inLanguage\":\"ca\",\"@id\":\"https:\\\/\\\/tefmontajes.com\\\/en\\\/#\\\/schema\\\/logo\\\/image\\\/\",\"url\":\"https:\\\/\\\/tefmontajes.com\\\/wp-content\\\/uploads\\\/2026\\\/01\\\/tef-favicon-1.png\",\"contentUrl\":\"https:\\\/\\\/tefmontajes.com\\\/wp-content\\\/uploads\\\/2026\\\/01\\\/tef-favicon-1.png\",\"width\":291,\"height\":291,\"caption\":\"TEF Montajes\"},\"image\":{\"@id\":\"https:\\\/\\\/tefmontajes.com\\\/en\\\/#\\\/schema\\\/logo\\\/image\\\/\"}}]}<\/script>\n<!-- \/ Yoast SEO plugin. -->","yoast_head_json":{"title":"Pol\u00edtica de privadesa - TEF Montajes","robots":{"index":"index","follow":"follow","max-snippet":"max-snippet:-1","max-image-preview":"max-image-preview:large","max-video-preview":"max-video-preview:-1"},"canonical":"https:\/\/tefmontajes.com\/politica-privacidad\/","og_locale":"ca_ES","og_type":"article","og_title":"Pol\u00edtica de privadesa - TEF Montajes","og_description":"Pol\u00edtica de privadesa TEF Montajes y Servicios, S. L. informa als usuaris del lloc web sobre la seva pol\u00edtica respecte del tractament i protecci\u00f3 de les dades de car\u00e0cter personal dels usuaris i clients que puguin ser recaptats per la navegaci\u00f3 o contractaci\u00f3 de serveis a trav\u00e9s del seu lloc web. En aquest sentit, TEF [&hellip;]","og_url":"https:\/\/tefmontajes.com\/politica-privacidad\/","og_site_name":"TEF Montajes","article_modified_time":"2025-12-10T15:31:26+00:00","twitter_card":"summary_large_image","twitter_misc":{"Temps estimat de lectura":"3 minuts"},"schema":{"@context":"https:\/\/schema.org","@graph":[{"@type":"WebPage","@id":"https:\/\/tefmontajes.com\/politica-privacidad\/","url":"https:\/\/tefmontajes.com\/politica-privacidad\/","name":"Pol\u00edtica de privadesa - TEF Montajes","isPartOf":{"@id":"https:\/\/tefmontajes.com\/en\/#website"},"datePublished":"2024-06-19T22:10:35+00:00","dateModified":"2025-12-10T15:31:26+00:00","breadcrumb":{"@id":"https:\/\/tefmontajes.com\/politica-privacidad\/#breadcrumb"},"inLanguage":"ca","potentialAction":[{"@type":"ReadAction","target":["https:\/\/tefmontajes.com\/politica-privacidad\/"]}]},{"@type":"BreadcrumbList","@id":"https:\/\/tefmontajes.com\/politica-privacidad\/#breadcrumb","itemListElement":[{"@type":"ListItem","position":1,"name":"Portada","item":"https:\/\/tefmontajes.com\/ca\/home\/"},{"@type":"ListItem","position":2,"name":"Pol\u00edtica de privadesa"}]},{"@type":"WebSite","@id":"https:\/\/tefmontajes.com\/en\/#website","url":"https:\/\/tefmontajes.com\/en\/","name":"TEF Montajes","description":"","publisher":{"@id":"https:\/\/tefmontajes.com\/en\/#organization"},"potentialAction":[{"@type":"SearchAction","target":{"@type":"EntryPoint","urlTemplate":"https:\/\/tefmontajes.com\/en\/?s={search_term_string}"},"query-input":{"@type":"PropertyValueSpecification","valueRequired":true,"valueName":"search_term_string"}}],"inLanguage":"ca"},{"@type":"Organization","@id":"https:\/\/tefmontajes.com\/en\/#organization","name":"TEF Montajes","url":"https:\/\/tefmontajes.com\/en\/","logo":{"@type":"ImageObject","inLanguage":"ca","@id":"https:\/\/tefmontajes.com\/en\/#\/schema\/logo\/image\/","url":"https:\/\/tefmontajes.com\/wp-content\/uploads\/2026\/01\/tef-favicon-1.png","contentUrl":"https:\/\/tefmontajes.com\/wp-content\/uploads\/2026\/01\/tef-favicon-1.png","width":291,"height":291,"caption":"TEF Montajes"},"image":{"@id":"https:\/\/tefmontajes.com\/en\/#\/schema\/logo\/image\/"}}]}},"_links":{"self":[{"href":"https:\/\/tefmontajes.com\/ca\/wp-json\/wp\/v2\/pages\/2810","targetHints":{"allow":["GET"]}}],"collection":[{"href":"https:\/\/tefmontajes.com\/ca\/wp-json\/wp\/v2\/pages"}],"about":[{"href":"https:\/\/tefmontajes.com\/ca\/wp-json\/wp\/v2\/types\/page"}],"author":[{"embeddable":true,"href":"https:\/\/tefmontajes.com\/ca\/wp-json\/wp\/v2\/users\/5"}],"replies":[{"embeddable":true,"href":"https:\/\/tefmontajes.com\/ca\/wp-json\/wp\/v2\/comments?post=2810"}],"version-history":[{"count":3,"href":"https:\/\/tefmontajes.com\/ca\/wp-json\/wp\/v2\/pages\/2810\/revisions"}],"predecessor-version":[{"id":2823,"href":"https:\/\/tefmontajes.com\/ca\/wp-json\/wp\/v2\/pages\/2810\/revisions\/2823"}],"wp:attachment":[{"href":"https:\/\/tefmontajes.com\/ca\/wp-json\/wp\/v2\/media?parent=2810"}],"curies":[{"name":"wp","href":"https:\/\/api.w.org\/{rel}","templated":true}]}}