{"id":2812,"date":"2024-06-19T20:57:40","date_gmt":"2024-06-19T20:57:40","guid":{"rendered":"https:\/\/new.tefmontajes.com\/politica-de-cookies\/"},"modified":"2025-12-10T15:36:14","modified_gmt":"2025-12-10T15:36:14","slug":"politica-de-cookies","status":"publish","type":"page","link":"https:\/\/tefmontajes.com\/ca\/politica-de-cookies\/","title":{"rendered":"Pol\u00edtica de cookies"},"content":{"rendered":"\t\t<div data-elementor-type=\"wp-page\" data-elementor-id=\"2812\" class=\"elementor elementor-2812 elementor-513\" data-elementor-post-type=\"page\">\n\t\t\t\t<div class=\"elementor-element elementor-element-c83f8fe e-flex e-con-boxed e-con e-parent\" data-id=\"c83f8fe\" data-element_type=\"container\" data-e-type=\"container\">\n\t\t\t\t\t<div class=\"e-con-inner\">\n\t\t\t\t<div class=\"elementor-element elementor-element-51efc5d elementor-widget elementor-widget-heading\" data-id=\"51efc5d\" data-element_type=\"widget\" data-e-type=\"widget\" data-widget_type=\"heading.default\">\n\t\t\t\t<div class=\"elementor-widget-container\">\n\t\t\t\t\t<h2 class=\"elementor-heading-title elementor-size-default\">Pol\u00edtica de <span>cookies <\/span><\/h2>\t\t\t\t<\/div>\n\t\t\t\t<\/div>\n\t\t\t\t<div class=\"elementor-element elementor-element-4fa4965 elementor-widget elementor-widget-text-editor\" data-id=\"4fa4965\" data-element_type=\"widget\" data-e-type=\"widget\" data-widget_type=\"text-editor.default\">\n\t\t\t\t<div class=\"elementor-widget-container\">\n\t\t\t\t\t\t\t\t\t<p>Una cookie \u00e9s un petit fitxer de text que s\u2019emmagatzema en el teu navegador quan visites gaireb\u00e9 qualsevol p\u00e0gina web. La seva utilitat \u00e9s que el web sigui capa\u00e7 de recordar la teva visita quan tornis a navegar per aquesta p\u00e0gina. Les cookies solen emmagatzemar informaci\u00f3 de car\u00e0cter t\u00e8cnic, prefer\u00e8ncies personals, personalitzaci\u00f3 de continguts, estad\u00edstiques d\u2019\u00fas, enlla\u00e7os a xarxes socials, acc\u00e9s a comptes d\u2019usuari, etc. L\u2019objectiu de la cookie \u00e9s adaptar el contingut del web al seu perfil i necessitats, sense cookies els serveis oferts per qualsevol p\u00e0gina es veurien minvats notablement.   <\/p>\n\n<p>Cookies utilitzades en aquest lloc web:<\/p>\n\n<p>Seguint les directrius de l\u2019Ag\u00e8ncia Espanyola de Protecci\u00f3 de Dades procedim a detallar l\u2019\u00fas de cookies que fa aquesta web amb la finalitat d\u2019informar-te\u2019n amb la m\u00e0xima exactitud possible.<\/p>\n\n<p>Aquest lloc web utilitza les seg\u00fcents cookies pr\u00f2pies:<\/p>\n\n<p>Cookies de sessi\u00f3, per garantir que els usuaris que escriguin comentaris en el blog siguin humans i no aplicacions automatitzades. D\u2019aquesta forma es combat l\u2019spam. <\/p>\n\n<p>Aquest lloc web utilitza les seg\u00fcents cookies de tercers:<\/p>\n\n<p>Google Analytics: Emmagatzema cookies per poder elaborar estad\u00edstiques sobre el tr\u00e0fic i volum de visites d\u2019aquest web. En utilitzar aquest lloc web est\u00e0s consentint el tractament d\u2019informaci\u00f3 sobre tu per Google. Per tant, l\u2019exercici de qualsevol dret en aquest sentit haur\u00e0s de fer-ho comunicant directament amb Google.  <\/p>\n\n<p>Xarxes socials:<\/p>\n\n<p>Cada xarxa social utilitza les seves pr\u00f2pies cookies perqu\u00e8 puguis punxar en botons del tipus M\u2019agrada o Compartir.<\/p>\n\n<p>Desactivaci\u00f3 o eliminaci\u00f3 de cookies:<\/p>\n\n<p>En qualsevol moment podr\u00e0s exercir el teu dret de desactivaci\u00f3 o eliminaci\u00f3 de cookies d\u2019aquest lloc web. Aquestes accions es realitzen de forma diferent en funci\u00f3 del navegador que estiguis usant. <\/p>\n\n<p>Notes addicionals:<\/p>\n\n<p>Ni aquest web ni els seus representants legals es fan responsables ni del contingut ni de la veracitat de les pol\u00edtiques de privadesa que puguin tenir els tercers esmentats en aquesta pol\u00edtica de cookies.<\/p>\n\n<p>Els navegadors web s\u00f3n les eines encarregades d\u2019emmagatzemar les cookies i des d\u2019aquest lloc has d\u2019efectuar el teu dret a eliminaci\u00f3 o desactivaci\u00f3 de les mateixes. Ni aquest web ni els seus representants legals poden garantir la correcta o incorrecta manipulaci\u00f3 de les cookies per part dels esmentats navegadors. <\/p>\n\n<p>En alguns casos \u00e9s necessari instal\u00b7lar cookies perqu\u00e8 el navegador no oblidi la teva decisi\u00f3 de no acceptaci\u00f3 de les mateixes.<\/p>\n\n<p>En el cas de les cookies de Google Analytics, aquesta empresa emmagatzema les cookies en servidors situats a Estats Units i es compromet a no compartir-les amb tercers, excepte en els casos en els quals sigui necessari per al funcionament del sistema o quan la llei obligui a aquest efecte. Segons Google no guarda la seva adre\u00e7a IP. Google Inc. \u00e9s una companyia adherida a l\u2019Acord de Port Segur que garanteix que totes les dades transferides seran tractades amb un nivell de protecci\u00f3 d\u2019acord a la normativa europea. Pots consultar informaci\u00f3 detallada referent a aix\u00f2 en aquest enlla\u00e7. Si desitges informaci\u00f3 sobre l\u2019\u00fas que Google d\u00f3na a les cookies t\u2019adjuntem aquest altre enlla\u00e7 .     <\/p>\n\n<p>Per a qualsevol dubte o consulta sobre aquesta pol\u00edtica de cookies no dubtis a comunicar-te amb nosaltres a trav\u00e9s de la secci\u00f3 Contacte.<\/p>\n\n<p>M\u00e9s informaci\u00f3 sobre les cookies:<\/p>\n\n<p>Qu\u00e8 \u00e9s una cookie?<\/p>\n\n<p>Com hem dit abans, una cookie \u00e9s un fitxer de text inofensiu que s\u2019emmagatzema en el teu navegador quan visites gaireb\u00e9 qualsevol p\u00e0gina web. La utilitat de la cookie \u00e9s que el web sigui capa\u00e7 de recordar la teva visita quan tornis a navegar per aquesta p\u00e0gina. Encara que molta gent no ho sap les cookies es porten utilitzant des de fa 20 anys, quan van apar\u00e8ixer els primers navegadors per la World Wide Web.  <\/p>\n\n<p>Qu\u00e8 NO \u00c9S una cookie?<\/p>\n\n<p>No \u00e9s un virus, ni un troi\u00e0, ni un cuc, ni spam, ni spyware, ni obre finestres pop-up.<\/p>\n\n<p>Quina informaci\u00f3 emmagatzema una cookie?<\/p>\n\n<p>Les cookies no solen emmagatzemar informaci\u00f3 sensible sobre tu, com ara targetes de cr\u00e8dit o dades banc\u00e0ries, fotografies, DNI o informaci\u00f3 personal, etc. Les dades que guarden s\u00f3n de car\u00e0cter t\u00e8cnic, prefer\u00e8ncies personals, personalitzaci\u00f3 de continguts, etc. <\/p>\n\n<p>El servidor web no t\u2019associa a tu com a persona si no al teu navegador web. De fet, si navegues habitualment amb Internet Explorer i proves a navegar per la mateixa web amb Firefox o Chrome veur\u00e0s que el web no s\u2019adona que ets la mateixa persona, perqu\u00e8 en realitat est\u00e0 associant al navegador, no a la persona. <\/p>\n\n<p>Quins tipus de cookies existeixen?<\/p>\n\n<p>Cookies t\u00e8cniques: S\u00f3n les m\u00e9s elementals i permeten, entre altres coses, saber quan est\u00e0 navegant un hum\u00e0 o una aplicaci\u00f3 automatitzada, quan navega un usuari an\u00f2nim i un registrat, tasques b\u00e0siques per al funcionament de qualsevol web din\u00e0mic.<\/p>\n\n<p>Cookies d\u2019an\u00e0lisi: Recullen informaci\u00f3 sobre el tipus de navegaci\u00f3 que est\u00e0s realitzant, les seccions que m\u00e9s utilitzes, productes consultats, franja hor\u00e0ria d\u2019\u00fas, idioma, etc.<\/p>\n\n<p>Cookies publicit\u00e0ries: Mostren publicitat en funci\u00f3 de la teva navegaci\u00f3, el teu pa\u00eds de proced\u00e8ncia, idioma, etc.<\/p>\n\n<p>Qu\u00e8 s\u00f3n les cookies pr\u00f2pies i les de tercers?<\/p>\n\n<p>Les cookies pr\u00f2pies s\u00f3n les generades per la p\u00e0gina que est\u00e0s visitant i les de tercers s\u00f3n les generades per serveis o prove\u00efdors externs com Facebook, Twitter, Google, etc.<\/p>\n\n<p>Qu\u00e8 ocorre si desactivo les cookies?<\/p>\n\n<p>No podr\u00e0s compartir continguts d\u2019aquest web a Facebook, Twitter o qualsevol altra xarxa social.<\/p>\n\n<p>El lloc web no podr\u00e0 adaptar els continguts a les teves prefer\u00e8ncies personals, com sol oc\u00f3rrer en les botigues online.<\/p>\n\n<p>No podr\u00e0s accedir a l\u2019\u00e0rea personal d\u2019aquest web, com per exemple El meu compte, o El meu perfil o Les meves comandes.<\/p>\n\n<p>Botigues online: Et ser\u00e0 impossible realitzar compres online, hauran de ser telef\u00f2niques o visitant la botiga f\u00edsica.<\/p>\n\n<p>No ser\u00e0 possible personalitzar les teves prefer\u00e8ncies geogr\u00e0fiques, com ara franja hor\u00e0ria, divisa o idioma.<\/p>\n\n<p>El lloc web no podr\u00e0 realitzar anal\u00edtiques web sobre visitants i tr\u00e0fic en el web, la qual cosa dificultar\u00e0 que la web sigui competitiva.<\/p>\n\n<p>No podr\u00e0s escriure en el blog, no podr\u00e0s pujar fotos, publicar comentaris, valorar o puntuar continguts. El web tampoc podr\u00e0 saber si ets un hum\u00e0 o una aplicaci\u00f3 automatitzada que publica spam. <\/p>\n\n<p>No es podr\u00e0 mostrar publicitat sectorizada, la qual cosa reduir\u00e0 els ingressos publicitaris del web.<\/p>\n\n<p>Totes les xarxes socials usen cookies, si les desactives no podr\u00e0s utilitzar cap xarxa social.<\/p>\n\n<p>Es poden eliminar les cookies?<\/p>\n\n<p>S\u00ed. No nom\u00e9s eliminar, tamb\u00e9 bloquejar, de forma general o particular per a un domini espec\u00edfic. <\/p>\n\n<p>Per eliminar les cookies d\u2019un lloc web has d\u2019anar a la configuraci\u00f3 del teu navegador i all\u00e0 podr\u00e0s buscar les associades al domini en q\u00fcesti\u00f3 i procedir a la seva eliminaci\u00f3.<\/p>\n\n<p>Configuraci\u00f3 de cookies per als navegadors m\u00e9s populars:<\/p>\n\n<p>A continuaci\u00f3 t\u2019indiquem com accedir a una cookie determinada del navegador Chrome. Aquests passos poden variar en funci\u00f3 de la versi\u00f3 del navegador: <\/p>\n\n<p>V\u00e9s a Configuraci\u00f3 o Prefer\u00e8ncies mitjan\u00e7ant el men\u00fa Arxiu o b\u00e9 punxant la icona de personalitzaci\u00f3 que apareix a dalt a la dreta.<\/p>\n\n<p>Veur\u00e0s diferents seccions, punxa l\u2019opci\u00f3 Mostrar opcions avan\u00e7ades.<\/p>\n\n<p>V\u00e9s a Privadesa, Configuraci\u00f3 de contingut.<\/p>\n\n<p>Selecciona Totes les cookies i les dades de llocs.<\/p>\n\n<p>Apareixer\u00e0 una llista amb totes les cookies ordenades per domini. Perqu\u00e8 et sigui m\u00e9s f\u00e0cil trobar les cookies d\u2019un determinat domini, introdueix parcial o totalment l\u2019adre\u00e7a en el camp Buscar cookies. <\/p>\n\n<p>Despr\u00e9s de realitzar aquest filtre apareixeran en pantalla una o diverses l\u00ednies amb les cookies del web sol\u00b7licitat. Selecciona\u2019l i prem X per procedir a la seva eliminaci\u00f3. <\/p>\n\n<p>Per accedir a la configuraci\u00f3 de cookies del navegador Internet Explorer segueix aquests passos (poden variar en funci\u00f3 de la versi\u00f3 del navegador):<\/p>\n\n<p>V\u00e9s a Eines, Opcions d\u2019Internet.<\/p>\n\n<p>Fes clic a Privadesa.<\/p>\n\n<p>Mou el lliscador fins a ajustar el nivell de privadesa que desitgis.<\/p>\n\n<p>Per accedir a la configuraci\u00f3 de cookies del navegador Firefox segueix aquests passos (poden variar en funci\u00f3 de la versi\u00f3 del navegador):<\/p>\n\n<p>V\u00e9s a Opcions o Prefer\u00e8ncies, segons el seu sistema operatiu.<\/p>\n\n<p>Fes clic a Privadesa.<\/p>\n\n<p>A Historial tria Usar una configuraci\u00f3 personalitzada per a l\u2019historial.<\/p>\n\n<p>Ara veur\u00e0s l\u2019opci\u00f3 Acceptar cookies, pots activar-la o desactivar-la segons les teves prefer\u00e8ncies.<\/p>\n\n<p>Per accedir a la configuraci\u00f3 de cookies del navegador Safari per OSX segueix aquests passos (poden variar en funci\u00f3 de la versi\u00f3 del navegador):<\/p>\n\n<p>V\u00e9s a Prefer\u00e8ncies, despr\u00e9s Privadesa.<\/p>\n\n<p>En aquest lloc veur\u00e0s l\u2019opci\u00f3 Bloquejar cookies, per ajustar el tipus de bloqueig que desitges realitzar.<\/p>\n\n<p>Per accedir a la configuraci\u00f3 de cookies del navegador Safari per iOS segueix aquests passos (poden variar en funci\u00f3 de la versi\u00f3 del navegador):<\/p>\n\n<p>V\u00e9s a Ajustos, despr\u00e9s Safari.<\/p>\n\n<p>V\u00e9s a Privadesa i Seguretat, veur\u00e0s l\u2019opci\u00f3 Bloquejar cookies per ajustar el tipus de bloqueig que desitges realitzar.<\/p>\n\n<p>Per accedir a la configuraci\u00f3 de cookies del navegador per a dispositius Android segueix aquests passos (poden variar en funci\u00f3 de la versi\u00f3 del navegador):<\/p>\n\n<p>Executa el navegador i prem la tecla Men\u00fa, despr\u00e9s Ajustos.<\/p>\n\n<p>V\u00e9s a Seguretat i Privadesa, veur\u00e0s l\u2019opci\u00f3 Acceptar cookies per activar o desactivar la casella.<\/p>\n\n<p>Per accedir a la configuraci\u00f3 de cookies del navegador per a dispositius Windows Phone segueix aquests passos (poden variar en funci\u00f3 de la versi\u00f3 del navegador):<\/p>\n\n<p>Obre Internet Explorer, despr\u00e9s M\u00e9s, despr\u00e9s Configuraci\u00f3.<\/p>\n\n<p>Ara pots activar o desactivar la casella Permetre cookies.<\/p>\t\t\t\t\t\t\t\t<\/div>\n\t\t\t\t<\/div>\n\t\t\t\t\t<\/div>\n\t\t\t\t<\/div>\n\t\t\t\t<\/div>\n\t\t","protected":false},"excerpt":{"rendered":"<p>Pol\u00edtica de cookies Una cookie \u00e9s un petit fitxer de text que s\u2019emmagatzema en el teu navegador quan visites gaireb\u00e9 qualsevol p\u00e0gina web. La seva utilitat \u00e9s que el web sigui capa\u00e7 de recordar la teva visita quan tornis a navegar per aquesta p\u00e0gina. Les cookies solen emmagatzemar informaci\u00f3 de car\u00e0cter t\u00e8cnic, prefer\u00e8ncies personals, personalitzaci\u00f3 [&hellip;]<\/p>\n","protected":false},"author":5,"featured_media":0,"parent":0,"menu_order":0,"comment_status":"closed","ping_status":"closed","template":"elementor_header_footer","meta":{"_acf_changed":false,"footnotes":""},"class_list":["post-2812","page","type-page","status-publish","hentry"],"acf":[],"yoast_head":"<!-- This site is optimized with the Yoast SEO plugin v27.4 - https:\/\/yoast.com\/product\/yoast-seo-wordpress\/ -->\n<title>Pol\u00edtica de cookies - TEF Montajes<\/title>\n<meta name=\"robots\" content=\"index, follow, max-snippet:-1, max-image-preview:large, max-video-preview:-1\" \/>\n<link rel=\"canonical\" href=\"https:\/\/tefmontajes.com\/politica-cookies\/\" \/>\n<meta property=\"og:locale\" content=\"ca_ES\" \/>\n<meta property=\"og:type\" content=\"article\" \/>\n<meta property=\"og:title\" content=\"Pol\u00edtica de cookies - TEF Montajes\" \/>\n<meta property=\"og:description\" content=\"Pol\u00edtica de cookies Una cookie \u00e9s un petit fitxer de text que s\u2019emmagatzema en el teu navegador quan visites gaireb\u00e9 qualsevol p\u00e0gina web. La seva utilitat \u00e9s que el web sigui capa\u00e7 de recordar la teva visita quan tornis a navegar per aquesta p\u00e0gina. Les cookies solen emmagatzemar informaci\u00f3 de car\u00e0cter t\u00e8cnic, prefer\u00e8ncies personals, personalitzaci\u00f3 [&hellip;]\" \/>\n<meta property=\"og:url\" content=\"https:\/\/tefmontajes.com\/politica-cookies\/\" \/>\n<meta property=\"og:site_name\" content=\"TEF Montajes\" \/>\n<meta property=\"article:modified_time\" content=\"2025-12-10T15:36:14+00:00\" \/>\n<meta name=\"twitter:card\" content=\"summary_large_image\" \/>\n<meta name=\"twitter:label1\" content=\"Temps estimat de lectura\" \/>\n\t<meta name=\"twitter:data1\" content=\"8 minuts\" \/>\n<script type=\"application\/ld+json\" class=\"yoast-schema-graph\">{\"@context\":\"https:\\\/\\\/schema.org\",\"@graph\":[{\"@type\":\"WebPage\",\"@id\":\"https:\\\/\\\/tefmontajes.com\\\/politica-cookies\\\/\",\"url\":\"https:\\\/\\\/tefmontajes.com\\\/politica-cookies\\\/\",\"name\":\"Pol\u00edtica de cookies - TEF Montajes\",\"isPartOf\":{\"@id\":\"https:\\\/\\\/tefmontajes.com\\\/en\\\/#website\"},\"datePublished\":\"2024-06-19T20:57:40+00:00\",\"dateModified\":\"2025-12-10T15:36:14+00:00\",\"breadcrumb\":{\"@id\":\"https:\\\/\\\/tefmontajes.com\\\/politica-cookies\\\/#breadcrumb\"},\"inLanguage\":\"ca\",\"potentialAction\":[{\"@type\":\"ReadAction\",\"target\":[\"https:\\\/\\\/tefmontajes.com\\\/politica-cookies\\\/\"]}]},{\"@type\":\"BreadcrumbList\",\"@id\":\"https:\\\/\\\/tefmontajes.com\\\/politica-cookies\\\/#breadcrumb\",\"itemListElement\":[{\"@type\":\"ListItem\",\"position\":1,\"name\":\"Portada\",\"item\":\"https:\\\/\\\/tefmontajes.com\\\/ca\\\/home\\\/\"},{\"@type\":\"ListItem\",\"position\":2,\"name\":\"Pol\u00edtica de cookies\"}]},{\"@type\":\"WebSite\",\"@id\":\"https:\\\/\\\/tefmontajes.com\\\/en\\\/#website\",\"url\":\"https:\\\/\\\/tefmontajes.com\\\/en\\\/\",\"name\":\"TEF Montajes\",\"description\":\"\",\"publisher\":{\"@id\":\"https:\\\/\\\/tefmontajes.com\\\/en\\\/#organization\"},\"potentialAction\":[{\"@type\":\"SearchAction\",\"target\":{\"@type\":\"EntryPoint\",\"urlTemplate\":\"https:\\\/\\\/tefmontajes.com\\\/en\\\/?s={search_term_string}\"},\"query-input\":{\"@type\":\"PropertyValueSpecification\",\"valueRequired\":true,\"valueName\":\"search_term_string\"}}],\"inLanguage\":\"ca\"},{\"@type\":\"Organization\",\"@id\":\"https:\\\/\\\/tefmontajes.com\\\/en\\\/#organization\",\"name\":\"TEF Montajes\",\"url\":\"https:\\\/\\\/tefmontajes.com\\\/en\\\/\",\"logo\":{\"@type\":\"ImageObject\",\"inLanguage\":\"ca\",\"@id\":\"https:\\\/\\\/tefmontajes.com\\\/en\\\/#\\\/schema\\\/logo\\\/image\\\/\",\"url\":\"https:\\\/\\\/tefmontajes.com\\\/wp-content\\\/uploads\\\/2026\\\/01\\\/tef-favicon-1.png\",\"contentUrl\":\"https:\\\/\\\/tefmontajes.com\\\/wp-content\\\/uploads\\\/2026\\\/01\\\/tef-favicon-1.png\",\"width\":291,\"height\":291,\"caption\":\"TEF Montajes\"},\"image\":{\"@id\":\"https:\\\/\\\/tefmontajes.com\\\/en\\\/#\\\/schema\\\/logo\\\/image\\\/\"}}]}<\/script>\n<!-- \/ Yoast SEO plugin. -->","yoast_head_json":{"title":"Pol\u00edtica de cookies - TEF Montajes","robots":{"index":"index","follow":"follow","max-snippet":"max-snippet:-1","max-image-preview":"max-image-preview:large","max-video-preview":"max-video-preview:-1"},"canonical":"https:\/\/tefmontajes.com\/politica-cookies\/","og_locale":"ca_ES","og_type":"article","og_title":"Pol\u00edtica de cookies - TEF Montajes","og_description":"Pol\u00edtica de cookies Una cookie \u00e9s un petit fitxer de text que s\u2019emmagatzema en el teu navegador quan visites gaireb\u00e9 qualsevol p\u00e0gina web. La seva utilitat \u00e9s que el web sigui capa\u00e7 de recordar la teva visita quan tornis a navegar per aquesta p\u00e0gina. Les cookies solen emmagatzemar informaci\u00f3 de car\u00e0cter t\u00e8cnic, prefer\u00e8ncies personals, personalitzaci\u00f3 [&hellip;]","og_url":"https:\/\/tefmontajes.com\/politica-cookies\/","og_site_name":"TEF Montajes","article_modified_time":"2025-12-10T15:36:14+00:00","twitter_card":"summary_large_image","twitter_misc":{"Temps estimat de lectura":"8 minuts"},"schema":{"@context":"https:\/\/schema.org","@graph":[{"@type":"WebPage","@id":"https:\/\/tefmontajes.com\/politica-cookies\/","url":"https:\/\/tefmontajes.com\/politica-cookies\/","name":"Pol\u00edtica de cookies - TEF Montajes","isPartOf":{"@id":"https:\/\/tefmontajes.com\/en\/#website"},"datePublished":"2024-06-19T20:57:40+00:00","dateModified":"2025-12-10T15:36:14+00:00","breadcrumb":{"@id":"https:\/\/tefmontajes.com\/politica-cookies\/#breadcrumb"},"inLanguage":"ca","potentialAction":[{"@type":"ReadAction","target":["https:\/\/tefmontajes.com\/politica-cookies\/"]}]},{"@type":"BreadcrumbList","@id":"https:\/\/tefmontajes.com\/politica-cookies\/#breadcrumb","itemListElement":[{"@type":"ListItem","position":1,"name":"Portada","item":"https:\/\/tefmontajes.com\/ca\/home\/"},{"@type":"ListItem","position":2,"name":"Pol\u00edtica de cookies"}]},{"@type":"WebSite","@id":"https:\/\/tefmontajes.com\/en\/#website","url":"https:\/\/tefmontajes.com\/en\/","name":"TEF Montajes","description":"","publisher":{"@id":"https:\/\/tefmontajes.com\/en\/#organization"},"potentialAction":[{"@type":"SearchAction","target":{"@type":"EntryPoint","urlTemplate":"https:\/\/tefmontajes.com\/en\/?s={search_term_string}"},"query-input":{"@type":"PropertyValueSpecification","valueRequired":true,"valueName":"search_term_string"}}],"inLanguage":"ca"},{"@type":"Organization","@id":"https:\/\/tefmontajes.com\/en\/#organization","name":"TEF Montajes","url":"https:\/\/tefmontajes.com\/en\/","logo":{"@type":"ImageObject","inLanguage":"ca","@id":"https:\/\/tefmontajes.com\/en\/#\/schema\/logo\/image\/","url":"https:\/\/tefmontajes.com\/wp-content\/uploads\/2026\/01\/tef-favicon-1.png","contentUrl":"https:\/\/tefmontajes.com\/wp-content\/uploads\/2026\/01\/tef-favicon-1.png","width":291,"height":291,"caption":"TEF Montajes"},"image":{"@id":"https:\/\/tefmontajes.com\/en\/#\/schema\/logo\/image\/"}}]}},"_links":{"self":[{"href":"https:\/\/tefmontajes.com\/ca\/wp-json\/wp\/v2\/pages\/2812","targetHints":{"allow":["GET"]}}],"collection":[{"href":"https:\/\/tefmontajes.com\/ca\/wp-json\/wp\/v2\/pages"}],"about":[{"href":"https:\/\/tefmontajes.com\/ca\/wp-json\/wp\/v2\/types\/page"}],"author":[{"embeddable":true,"href":"https:\/\/tefmontajes.com\/ca\/wp-json\/wp\/v2\/users\/5"}],"replies":[{"embeddable":true,"href":"https:\/\/tefmontajes.com\/ca\/wp-json\/wp\/v2\/comments?post=2812"}],"version-history":[{"count":3,"href":"https:\/\/tefmontajes.com\/ca\/wp-json\/wp\/v2\/pages\/2812\/revisions"}],"predecessor-version":[{"id":2831,"href":"https:\/\/tefmontajes.com\/ca\/wp-json\/wp\/v2\/pages\/2812\/revisions\/2831"}],"wp:attachment":[{"href":"https:\/\/tefmontajes.com\/ca\/wp-json\/wp\/v2\/media?parent=2812"}],"curies":[{"name":"wp","href":"https:\/\/api.w.org\/{rel}","templated":true}]}}