{"id":2980,"date":"2024-06-19T20:06:15","date_gmt":"2024-06-19T20:06:15","guid":{"rendered":"https:\/\/new.tefmontajes.com\/treballa-amb-nosaltres\/"},"modified":"2026-03-26T10:44:54","modified_gmt":"2026-03-26T10:44:54","slug":"treballa-amb-nosaltres","status":"publish","type":"page","link":"https:\/\/tefmontajes.com\/ca\/treballa-amb-nosaltres\/","title":{"rendered":"Treballa amb nosaltres"},"content":{"rendered":"\t\t<div data-elementor-type=\"wp-page\" data-elementor-id=\"2980\" class=\"elementor elementor-2980 elementor-417\" data-elementor-post-type=\"page\">\n\t\t\t\t<div class=\"elementor-element elementor-element-78afb98 e-flex e-con-boxed e-con e-parent\" data-id=\"78afb98\" data-element_type=\"container\" data-e-type=\"container\">\n\t\t\t\t\t<div class=\"e-con-inner\">\n\t\t<div class=\"elementor-element elementor-element-a5b98d9 e-flex e-con-boxed e-con e-child\" data-id=\"a5b98d9\" data-element_type=\"container\" data-e-type=\"container\">\n\t\t\t\t\t<div class=\"e-con-inner\">\n\t\t\t\t<div class=\"elementor-element elementor-element-6d86fb6 elementor-widget elementor-widget-heading\" data-id=\"6d86fb6\" data-element_type=\"widget\" data-e-type=\"widget\" data-widget_type=\"heading.default\">\n\t\t\t\t<div class=\"elementor-widget-container\">\n\t\t\t\t\t<h1 class=\"elementor-heading-title elementor-size-default\">Treballa <br><span>amb nosaltres<\/span><\/h1>\t\t\t\t<\/div>\n\t\t\t\t<\/div>\n\t\t\t\t\t<\/div>\n\t\t\t\t<\/div>\n\t\t\t\t\t<\/div>\n\t\t\t\t<\/div>\n\t\t<div class=\"elementor-element elementor-element-30acd65 e-flex e-con-boxed e-con e-parent\" data-id=\"30acd65\" data-element_type=\"container\" data-e-type=\"container\" data-settings=\"{&quot;background_background&quot;:&quot;classic&quot;}\">\n\t\t\t\t\t<div class=\"e-con-inner\">\n\t\t\t\t<div class=\"elementor-element elementor-element-01371c1 elementor-widget elementor-widget-heading\" data-id=\"01371c1\" data-element_type=\"widget\" data-e-type=\"widget\" data-widget_type=\"heading.default\">\n\t\t\t\t<div class=\"elementor-widget-container\">\n\t\t\t\t\t<h2 class=\"elementor-heading-title elementor-size-default\">T'agradaria <span>treballar a TEF? <\/span><\/h2>\t\t\t\t<\/div>\n\t\t\t\t<\/div>\n\t\t<div class=\"elementor-element elementor-element-edd2af1 e-con-full e-grid e-con e-child\" data-id=\"edd2af1\" data-element_type=\"container\" data-e-type=\"container\">\n\t\t<div class=\"elementor-element elementor-element-1fc6cf7 e-con-full e-flex e-con e-child\" data-id=\"1fc6cf7\" data-element_type=\"container\" data-e-type=\"container\">\n\t\t\t\t<div class=\"elementor-element elementor-element-af80bf1 elementor-widget elementor-widget-heading\" data-id=\"af80bf1\" data-element_type=\"widget\" data-e-type=\"widget\" data-widget_type=\"heading.default\">\n\t\t\t\t<div class=\"elementor-widget-container\">\n\t\t\t\t\t<p class=\"elementor-heading-title elementor-size-default\">Explica'ns quina \u00e9s la teva professi\u00f3, la teva especialitat i la teva experi\u00e8ncia. El nostre departament de Recursos Humans estudiar\u00e0 el teu curr\u00edculum. <\/p>\t\t\t\t<\/div>\n\t\t\t\t<\/div>\n\t\t\t\t<div class=\"elementor-element elementor-element-4a0245e elementor-button-align-stretch elementor-widget elementor-widget-form\" data-id=\"4a0245e\" data-element_type=\"widget\" data-e-type=\"widget\" data-settings=\"{&quot;step_next_label&quot;:&quot;Next&quot;,&quot;step_previous_label&quot;:&quot;Previous&quot;,&quot;step_type&quot;:&quot;none&quot;,&quot;step_icon_shape&quot;:&quot;square&quot;,&quot;button_width&quot;:&quot;100&quot;}\" data-widget_type=\"form.default\">\n\t\t\t\t<div class=\"elementor-widget-container\">\n\t\t\t\t\t\t\t<form class=\"elementor-form\" method=\"post\" name=\"Treballa amb nosaltres\" aria-label=\"Treballa amb nosaltres\">\n\t\t\t<input type=\"hidden\" name=\"post_id\" value=\"2980\"\/>\n\t\t\t<input type=\"hidden\" name=\"form_id\" value=\"4a0245e\"\/>\n\t\t\t<input type=\"hidden\" name=\"referer_title\" value=\"Treballa amb nosaltres - TEF Montajes\" \/>\n\n\t\t\t\t\t\t\t<input type=\"hidden\" name=\"queried_id\" value=\"2980\"\/>\n\t\t\t\n\t\t\t<div class=\"elementor-form-fields-wrapper elementor-labels-above\">\n\t\t\t\t\t\t\t\t<div class=\"elementor-field-type-text elementor-field-group elementor-column elementor-field-group-name elementor-col-100 elementor-field-required elementor-mark-required\">\n\t\t\t\t\t\t\t\t\t\t\t\t<label for=\"form-field-name\" class=\"elementor-field-label\">\n\t\t\t\t\t\t\t\tNom\t\t\t\t\t\t\t<\/label>\n\t\t\t\t\t\t\t\t\t\t\t\t\t\t<input size=\"1\" type=\"text\" name=\"form_fields[name]\" id=\"form-field-name\" class=\"elementor-field elementor-size-md  elementor-field-textual\" required=\"required\">\n\t\t\t\t\t\t\t\t\t\t\t<\/div>\n\t\t\t\t\t\t\t\t<div class=\"elementor-field-type-email elementor-field-group elementor-column elementor-field-group-email elementor-col-100 elementor-field-required elementor-mark-required\">\n\t\t\t\t\t\t\t\t\t\t\t\t<label for=\"form-field-email\" class=\"elementor-field-label\">\n\t\t\t\t\t\t\t\tCorreu electr\u00f2nic\t\t\t\t\t\t\t<\/label>\n\t\t\t\t\t\t\t\t\t\t\t\t\t\t<input size=\"1\" type=\"email\" name=\"form_fields[email]\" id=\"form-field-email\" class=\"elementor-field elementor-size-md  elementor-field-textual\" required=\"required\">\n\t\t\t\t\t\t\t\t\t\t\t<\/div>\n\t\t\t\t\t\t\t\t<div class=\"elementor-field-type-tel elementor-field-group elementor-column elementor-field-group-telefon elementor-col-100 elementor-field-required elementor-mark-required\">\n\t\t\t\t\t\t\t\t\t\t\t\t<label for=\"form-field-telefon\" class=\"elementor-field-label\">\n\t\t\t\t\t\t\t\tTel\u00e8fon\t\t\t\t\t\t\t<\/label>\n\t\t\t\t\t\t\t\t<input size=\"1\" type=\"tel\" name=\"form_fields[telefon]\" id=\"form-field-telefon\" class=\"elementor-field elementor-size-md  elementor-field-textual\" required=\"required\" pattern=\"[0-9()#&amp;+*-=.]+\" title=\"Only numbers and phone characters (#, -, *, etc) are accepted.\">\n\n\t\t\t\t\t\t<\/div>\n\t\t\t\t\t\t\t\t<div class=\"elementor-field-type-text elementor-field-group elementor-column elementor-field-group-professio elementor-col-100\">\n\t\t\t\t\t\t\t\t\t\t\t\t<label for=\"form-field-professio\" class=\"elementor-field-label\">\n\t\t\t\t\t\t\t\tProfessi\u00f3 \/ especialitat\t\t\t\t\t\t\t<\/label>\n\t\t\t\t\t\t\t\t\t\t\t\t\t\t<input size=\"1\" type=\"text\" name=\"form_fields[professio]\" id=\"form-field-professio\" class=\"elementor-field elementor-size-md  elementor-field-textual\">\n\t\t\t\t\t\t\t\t\t\t\t<\/div>\n\t\t\t\t\t\t\t\t<div class=\"elementor-field-type-text elementor-field-group elementor-column elementor-field-group-lloc elementor-col-100\">\n\t\t\t\t\t\t\t\t\t\t\t\t<label for=\"form-field-lloc\" class=\"elementor-field-label\">\n\t\t\t\t\t\t\t\tQuin lloc de treball podries assumir a TEF?\t\t\t\t\t\t\t<\/label>\n\t\t\t\t\t\t\t\t\t\t\t\t\t\t<input size=\"1\" type=\"text\" name=\"form_fields[lloc]\" id=\"form-field-lloc\" class=\"elementor-field elementor-size-md  elementor-field-textual\">\n\t\t\t\t\t\t\t\t\t\t\t<\/div>\n\t\t\t\t\t\t\t\t<div class=\"elementor-field-type-upload elementor-field-group elementor-column elementor-field-group-adjunt elementor-col-100\">\n\t\t\t\t\t\t\t\t\t\t\t\t<label for=\"form-field-adjunt\" class=\"elementor-field-label\">\n\t\t\t\t\t\t\t\tAdjunta aqu\u00ed el teu curr\u00edculum\t\t\t\t\t\t\t<\/label>\n\t\t\t\t\t\t\t\t<input type=\"file\" name=\"form_fields[adjunt]\" id=\"form-field-adjunt\" class=\"elementor-field elementor-size-md  elementor-upload-field\" data-maxsize=\"2\" data-maxsize-message=\"This file exceeds the maximum allowed size.\">\n\n\t\t\t\t\t\t<\/div>\n\t\t\t\t\t\t\t\t<div class=\"elementor-field-type-radio elementor-field-group elementor-column elementor-field-group-field_c96da89 elementor-col-100\">\n\t\t\t\t\t\t\t\t\t\t\t\t<label for=\"form-field-field_c96da89\" class=\"elementor-field-label\">\n\t\t\t\t\t\t\t\tVols que ens posem en contacte amb tu quan tinguem una vacant que encaixi amb el teu perfil?\t\t\t\t\t\t\t<\/label>\n\t\t\t\t\t\t<div class=\"elementor-field-subgroup  elementor-subgroup-inline\"><span class=\"elementor-field-option\"><input type=\"radio\" value=\"S\u00ed\" id=\"form-field-field_c96da89-0\" name=\"form_fields[field_c96da89]\" checked=\"checked\"> <label for=\"form-field-field_c96da89-0\">S\u00ed<\/label><\/span><span class=\"elementor-field-option\"><input type=\"radio\" value=\"No\" id=\"form-field-field_c96da89-1\" name=\"form_fields[field_c96da89]\"> <label for=\"form-field-field_c96da89-1\">No<\/label><\/span><\/div>\t\t\t\t<\/div>\n\t\t\t\t\t\t\t\t<div class=\"elementor-field-type-radio elementor-field-group elementor-column elementor-field-group-rebre_ofertes elementor-col-100\">\n\t\t\t\t\t\t\t\t\t\t\t\t<label for=\"form-field-rebre_ofertes\" class=\"elementor-field-label\">\n\t\t\t\t\t\t\t\tVols que t'enviem ofertes de feina perqu\u00e8 col\u00b7labores amb nosaltres o amb els nostres clients, en funci\u00f3 del teu perfil, professi\u00f3 i experi\u00e8ncia?\t\t\t\t\t\t\t<\/label>\n\t\t\t\t\t\t<div class=\"elementor-field-subgroup  elementor-subgroup-inline\"><span class=\"elementor-field-option\"><input type=\"radio\" value=\"S\u00ed\" id=\"form-field-rebre_ofertes-0\" name=\"form_fields[rebre_ofertes]\" checked=\"checked\"> <label for=\"form-field-rebre_ofertes-0\">S\u00ed<\/label><\/span><span class=\"elementor-field-option\"><input type=\"radio\" value=\"No\" id=\"form-field-rebre_ofertes-1\" name=\"form_fields[rebre_ofertes]\"> <label for=\"form-field-rebre_ofertes-1\">No<\/label><\/span><\/div>\t\t\t\t<\/div>\n\t\t\t\t\t\t\t\t<div class=\"elementor-field-type-radio elementor-field-group elementor-column elementor-field-group-conservar_adjunt elementor-col-100\">\n\t\t\t\t\t\t\t\t\t\t\t\t<label for=\"form-field-conservar_adjunt\" class=\"elementor-field-label\">\n\t\t\t\t\t\t\t\tVols que conservem el teu curr\u00edculum per contrastar-lo amb les vacants futures que puguin encaixar amb el teu perfil?\t\t\t\t\t\t\t<\/label>\n\t\t\t\t\t\t<div class=\"elementor-field-subgroup  elementor-subgroup-inline\"><span class=\"elementor-field-option\"><input type=\"radio\" value=\"S\u00ed\" id=\"form-field-conservar_adjunt-0\" name=\"form_fields[conservar_adjunt]\" checked=\"checked\"> <label for=\"form-field-conservar_adjunt-0\">S\u00ed<\/label><\/span><span class=\"elementor-field-option\"><input type=\"radio\" value=\"No\" id=\"form-field-conservar_adjunt-1\" name=\"form_fields[conservar_adjunt]\"> <label for=\"form-field-conservar_adjunt-1\">No<\/label><\/span><\/div>\t\t\t\t<\/div>\n\t\t\t\t\t\t\t\t<div class=\"elementor-field-type-acceptance elementor-field-group elementor-column elementor-field-group-form_privacy elementor-col-100\">\n\t\t\t\t\t\t\t<div class=\"elementor-field-subgroup\">\n\t\t\t<span class=\"elementor-field-option\">\n\t\t\t\t<input type=\"checkbox\" name=\"form_fields[form_privacy]\" id=\"form-field-form_privacy\" class=\"elementor-field elementor-size-md  elementor-acceptance-field\">\n\t\t\t\t<label for=\"form-field-form_privacy\">He llegit i accepto la Pol\u00edtica de privadesa<\/label>\t\t\t<\/span>\n\t\t<\/div>\n\t\t\t\t\t\t<\/div>\n\t\t\t\t\t\t\t\t<div class=\"elementor-field-group elementor-column elementor-field-type-submit elementor-col-100 e-form__buttons\">\n\t\t\t\t\t<button class=\"elementor-button elementor-size-sm\" type=\"submit\">\n\t\t\t\t\t\t<span class=\"elementor-button-content-wrapper\">\n\t\t\t\t\t\t\t\t\t\t\t\t\t\t\t\t\t\t\t\t\t\t<span class=\"elementor-button-text\">Enviar<\/span>\n\t\t\t\t\t\t\t\t\t\t\t\t\t<\/span>\n\t\t\t\t\t<\/button>\n\t\t\t\t<\/div>\n\t\t\t<\/div>\n\t\t<\/form>\n\t\t\t\t\t\t<\/div>\n\t\t\t\t<\/div>\n\t\t\t\t<\/div>\n\t\t<div class=\"elementor-element elementor-element-6407a5d e-con-full e-flex e-con e-child\" data-id=\"6407a5d\" data-element_type=\"container\" data-e-type=\"container\">\n\t\t\t\t<\/div>\n\t\t\t\t<\/div>\n\t\t\t\t\t<\/div>\n\t\t\t\t<\/div>\n\t\t<div class=\"elementor-element elementor-element-a140e9b e-flex e-con-boxed e-con e-parent\" data-id=\"a140e9b\" data-element_type=\"container\" data-e-type=\"container\">\n\t\t\t\t\t<div class=\"e-con-inner\">\n\t\t<div class=\"elementor-element elementor-element-b3e7513 e-grid e-con-full e-con e-child\" data-id=\"b3e7513\" data-element_type=\"container\" data-e-type=\"container\">\n\t\t\t\t<div class=\"elementor-element elementor-element-93c7463 elementor-widget elementor-widget-image\" data-id=\"93c7463\" data-element_type=\"widget\" data-e-type=\"widget\" data-widget_type=\"image.default\">\n\t\t\t\t<div class=\"elementor-widget-container\">\n\t\t\t\t\t\t\t\t\t\t\t\t\t\t\t<img fetchpriority=\"high\" decoding=\"async\" width=\"530\" height=\"352\" src=\"https:\/\/tefmontajes.com\/wp-content\/uploads\/2024\/07\/treball1.png\" class=\"attachment-medium_large size-medium_large wp-image-802\" alt=\"\" srcset=\"https:\/\/tefmontajes.com\/wp-content\/uploads\/2024\/07\/treball1.png 530w, https:\/\/tefmontajes.com\/wp-content\/uploads\/2024\/07\/treball1-300x199.png 300w\" sizes=\"(max-width: 530px) 100vw, 530px\" \/>\t\t\t\t\t\t\t\t\t\t\t\t\t\t\t<\/div>\n\t\t\t\t<\/div>\n\t\t\t\t<div class=\"elementor-element elementor-element-961d733 elementor-widget elementor-widget-image\" data-id=\"961d733\" data-element_type=\"widget\" data-e-type=\"widget\" data-widget_type=\"image.default\">\n\t\t\t\t<div class=\"elementor-widget-container\">\n\t\t\t\t\t\t\t\t\t\t\t\t\t\t\t<img decoding=\"async\" width=\"530\" height=\"352\" src=\"https:\/\/tefmontajes.com\/wp-content\/uploads\/2024\/07\/treball2.png\" class=\"attachment-medium_large size-medium_large wp-image-808\" alt=\"\" srcset=\"https:\/\/tefmontajes.com\/wp-content\/uploads\/2024\/07\/treball2.png 530w, https:\/\/tefmontajes.com\/wp-content\/uploads\/2024\/07\/treball2-300x199.png 300w\" sizes=\"(max-width: 530px) 100vw, 530px\" \/>\t\t\t\t\t\t\t\t\t\t\t\t\t\t\t<\/div>\n\t\t\t\t<\/div>\n\t\t\t\t<\/div>\n\t\t\t\t\t<\/div>\n\t\t\t\t<\/div>\n\t\t\t\t<\/div>\n\t\t","protected":false},"excerpt":{"rendered":"<p>Treballa amb nosaltres T&#8217;agradaria treballar a TEF? Explica&#8217;ns quina \u00e9s la teva professi\u00f3, la teva especialitat i la teva experi\u00e8ncia. El nostre departament de Recursos Humans estudiar\u00e0 el teu curr\u00edculum.<\/p>\n","protected":false},"author":4,"featured_media":799,"parent":0,"menu_order":0,"comment_status":"closed","ping_status":"closed","template":"elementor_header_footer","meta":{"_acf_changed":false,"footnotes":""},"class_list":["post-2980","page","type-page","status-publish","has-post-thumbnail","hentry"],"acf":[],"yoast_head":"<!-- This site is optimized with the Yoast SEO plugin v27.4 - https:\/\/yoast.com\/product\/yoast-seo-wordpress\/ -->\n<title>Treballa amb nosaltres - TEF Montajes<\/title>\n<meta name=\"description\" content=\"T&#039;agradaria treballar amb nosaltres? Explica&#039;ns quina \u00e9s la teva professi\u00f3, la teva especialitat i la teva experi\u00e8ncia.\" \/>\n<meta name=\"robots\" content=\"index, follow, max-snippet:-1, max-image-preview:large, max-video-preview:-1\" \/>\n<link rel=\"canonical\" href=\"https:\/\/tefmontajes.com\/ca\/treballa-amb-nosaltres\/\" \/>\n<meta property=\"og:locale\" content=\"ca_ES\" \/>\n<meta property=\"og:type\" content=\"article\" \/>\n<meta property=\"og:title\" content=\"Treballa amb nosaltres - TEF Montajes\" \/>\n<meta property=\"og:description\" content=\"T&#039;agradaria treballar amb nosaltres? Explica&#039;ns quina \u00e9s la teva professi\u00f3, la teva especialitat i la teva experi\u00e8ncia.\" \/>\n<meta property=\"og:url\" content=\"https:\/\/tefmontajes.com\/ca\/treballa-amb-nosaltres\/\" \/>\n<meta property=\"og:site_name\" content=\"TEF Montajes\" \/>\n<meta property=\"article:modified_time\" content=\"2026-03-26T10:44:54+00:00\" \/>\n<meta property=\"og:image\" content=\"https:\/\/tefmontajes.com\/wp-content\/uploads\/2024\/07\/treballs.png\" \/>\n\t<meta property=\"og:image:width\" content=\"1440\" \/>\n\t<meta property=\"og:image:height\" content=\"500\" \/>\n\t<meta property=\"og:image:type\" content=\"image\/png\" \/>\n<meta name=\"twitter:card\" content=\"summary_large_image\" \/>\n<script type=\"application\/ld+json\" class=\"yoast-schema-graph\">{\"@context\":\"https:\\\/\\\/schema.org\",\"@graph\":[{\"@type\":\"WebPage\",\"@id\":\"https:\\\/\\\/tefmontajes.com\\\/ca\\\/treballa-amb-nosaltres\\\/\",\"url\":\"https:\\\/\\\/tefmontajes.com\\\/ca\\\/treballa-amb-nosaltres\\\/\",\"name\":\"Treballa amb nosaltres - TEF Montajes\",\"isPartOf\":{\"@id\":\"https:\\\/\\\/tefmontajes.com\\\/en\\\/#website\"},\"primaryImageOfPage\":{\"@id\":\"https:\\\/\\\/tefmontajes.com\\\/ca\\\/treballa-amb-nosaltres\\\/#primaryimage\"},\"image\":{\"@id\":\"https:\\\/\\\/tefmontajes.com\\\/ca\\\/treballa-amb-nosaltres\\\/#primaryimage\"},\"thumbnailUrl\":\"https:\\\/\\\/tefmontajes.com\\\/wp-content\\\/uploads\\\/2024\\\/07\\\/treballs.png\",\"datePublished\":\"2024-06-19T20:06:15+00:00\",\"dateModified\":\"2026-03-26T10:44:54+00:00\",\"description\":\"T'agradaria treballar amb nosaltres? Explica'ns quina \u00e9s la teva professi\u00f3, la teva especialitat i la teva experi\u00e8ncia.\",\"breadcrumb\":{\"@id\":\"https:\\\/\\\/tefmontajes.com\\\/ca\\\/treballa-amb-nosaltres\\\/#breadcrumb\"},\"inLanguage\":\"ca\",\"potentialAction\":[{\"@type\":\"ReadAction\",\"target\":[\"https:\\\/\\\/tefmontajes.com\\\/ca\\\/treballa-amb-nosaltres\\\/\"]}]},{\"@type\":\"ImageObject\",\"inLanguage\":\"ca\",\"@id\":\"https:\\\/\\\/tefmontajes.com\\\/ca\\\/treballa-amb-nosaltres\\\/#primaryimage\",\"url\":\"https:\\\/\\\/tefmontajes.com\\\/wp-content\\\/uploads\\\/2024\\\/07\\\/treballs.png\",\"contentUrl\":\"https:\\\/\\\/tefmontajes.com\\\/wp-content\\\/uploads\\\/2024\\\/07\\\/treballs.png\",\"width\":1440,\"height\":500},{\"@type\":\"BreadcrumbList\",\"@id\":\"https:\\\/\\\/tefmontajes.com\\\/ca\\\/treballa-amb-nosaltres\\\/#breadcrumb\",\"itemListElement\":[{\"@type\":\"ListItem\",\"position\":1,\"name\":\"Portada\",\"item\":\"https:\\\/\\\/tefmontajes.com\\\/ca\\\/home\\\/\"},{\"@type\":\"ListItem\",\"position\":2,\"name\":\"Treballa amb nosaltres\"}]},{\"@type\":\"WebSite\",\"@id\":\"https:\\\/\\\/tefmontajes.com\\\/en\\\/#website\",\"url\":\"https:\\\/\\\/tefmontajes.com\\\/en\\\/\",\"name\":\"TEF Montajes\",\"description\":\"\",\"publisher\":{\"@id\":\"https:\\\/\\\/tefmontajes.com\\\/en\\\/#organization\"},\"potentialAction\":[{\"@type\":\"SearchAction\",\"target\":{\"@type\":\"EntryPoint\",\"urlTemplate\":\"https:\\\/\\\/tefmontajes.com\\\/en\\\/?s={search_term_string}\"},\"query-input\":{\"@type\":\"PropertyValueSpecification\",\"valueRequired\":true,\"valueName\":\"search_term_string\"}}],\"inLanguage\":\"ca\"},{\"@type\":\"Organization\",\"@id\":\"https:\\\/\\\/tefmontajes.com\\\/en\\\/#organization\",\"name\":\"TEF Montajes\",\"url\":\"https:\\\/\\\/tefmontajes.com\\\/en\\\/\",\"logo\":{\"@type\":\"ImageObject\",\"inLanguage\":\"ca\",\"@id\":\"https:\\\/\\\/tefmontajes.com\\\/en\\\/#\\\/schema\\\/logo\\\/image\\\/\",\"url\":\"https:\\\/\\\/tefmontajes.com\\\/wp-content\\\/uploads\\\/2026\\\/01\\\/tef-favicon-1.png\",\"contentUrl\":\"https:\\\/\\\/tefmontajes.com\\\/wp-content\\\/uploads\\\/2026\\\/01\\\/tef-favicon-1.png\",\"width\":291,\"height\":291,\"caption\":\"TEF Montajes\"},\"image\":{\"@id\":\"https:\\\/\\\/tefmontajes.com\\\/en\\\/#\\\/schema\\\/logo\\\/image\\\/\"}}]}<\/script>\n<!-- \/ Yoast SEO plugin. -->","yoast_head_json":{"title":"Treballa amb nosaltres - TEF Montajes","description":"T'agradaria treballar amb nosaltres? Explica'ns quina \u00e9s la teva professi\u00f3, la teva especialitat i la teva experi\u00e8ncia.","robots":{"index":"index","follow":"follow","max-snippet":"max-snippet:-1","max-image-preview":"max-image-preview:large","max-video-preview":"max-video-preview:-1"},"canonical":"https:\/\/tefmontajes.com\/ca\/treballa-amb-nosaltres\/","og_locale":"ca_ES","og_type":"article","og_title":"Treballa amb nosaltres - TEF Montajes","og_description":"T'agradaria treballar amb nosaltres? Explica'ns quina \u00e9s la teva professi\u00f3, la teva especialitat i la teva experi\u00e8ncia.","og_url":"https:\/\/tefmontajes.com\/ca\/treballa-amb-nosaltres\/","og_site_name":"TEF Montajes","article_modified_time":"2026-03-26T10:44:54+00:00","og_image":[{"width":1440,"height":500,"url":"https:\/\/tefmontajes.com\/wp-content\/uploads\/2024\/07\/treballs.png","type":"image\/png"}],"twitter_card":"summary_large_image","schema":{"@context":"https:\/\/schema.org","@graph":[{"@type":"WebPage","@id":"https:\/\/tefmontajes.com\/ca\/treballa-amb-nosaltres\/","url":"https:\/\/tefmontajes.com\/ca\/treballa-amb-nosaltres\/","name":"Treballa amb nosaltres - TEF Montajes","isPartOf":{"@id":"https:\/\/tefmontajes.com\/en\/#website"},"primaryImageOfPage":{"@id":"https:\/\/tefmontajes.com\/ca\/treballa-amb-nosaltres\/#primaryimage"},"image":{"@id":"https:\/\/tefmontajes.com\/ca\/treballa-amb-nosaltres\/#primaryimage"},"thumbnailUrl":"https:\/\/tefmontajes.com\/wp-content\/uploads\/2024\/07\/treballs.png","datePublished":"2024-06-19T20:06:15+00:00","dateModified":"2026-03-26T10:44:54+00:00","description":"T'agradaria treballar amb nosaltres? Explica'ns quina \u00e9s la teva professi\u00f3, la teva especialitat i la teva experi\u00e8ncia.","breadcrumb":{"@id":"https:\/\/tefmontajes.com\/ca\/treballa-amb-nosaltres\/#breadcrumb"},"inLanguage":"ca","potentialAction":[{"@type":"ReadAction","target":["https:\/\/tefmontajes.com\/ca\/treballa-amb-nosaltres\/"]}]},{"@type":"ImageObject","inLanguage":"ca","@id":"https:\/\/tefmontajes.com\/ca\/treballa-amb-nosaltres\/#primaryimage","url":"https:\/\/tefmontajes.com\/wp-content\/uploads\/2024\/07\/treballs.png","contentUrl":"https:\/\/tefmontajes.com\/wp-content\/uploads\/2024\/07\/treballs.png","width":1440,"height":500},{"@type":"BreadcrumbList","@id":"https:\/\/tefmontajes.com\/ca\/treballa-amb-nosaltres\/#breadcrumb","itemListElement":[{"@type":"ListItem","position":1,"name":"Portada","item":"https:\/\/tefmontajes.com\/ca\/home\/"},{"@type":"ListItem","position":2,"name":"Treballa amb nosaltres"}]},{"@type":"WebSite","@id":"https:\/\/tefmontajes.com\/en\/#website","url":"https:\/\/tefmontajes.com\/en\/","name":"TEF Montajes","description":"","publisher":{"@id":"https:\/\/tefmontajes.com\/en\/#organization"},"potentialAction":[{"@type":"SearchAction","target":{"@type":"EntryPoint","urlTemplate":"https:\/\/tefmontajes.com\/en\/?s={search_term_string}"},"query-input":{"@type":"PropertyValueSpecification","valueRequired":true,"valueName":"search_term_string"}}],"inLanguage":"ca"},{"@type":"Organization","@id":"https:\/\/tefmontajes.com\/en\/#organization","name":"TEF Montajes","url":"https:\/\/tefmontajes.com\/en\/","logo":{"@type":"ImageObject","inLanguage":"ca","@id":"https:\/\/tefmontajes.com\/en\/#\/schema\/logo\/image\/","url":"https:\/\/tefmontajes.com\/wp-content\/uploads\/2026\/01\/tef-favicon-1.png","contentUrl":"https:\/\/tefmontajes.com\/wp-content\/uploads\/2026\/01\/tef-favicon-1.png","width":291,"height":291,"caption":"TEF Montajes"},"image":{"@id":"https:\/\/tefmontajes.com\/en\/#\/schema\/logo\/image\/"}}]}},"_links":{"self":[{"href":"https:\/\/tefmontajes.com\/ca\/wp-json\/wp\/v2\/pages\/2980","targetHints":{"allow":["GET"]}}],"collection":[{"href":"https:\/\/tefmontajes.com\/ca\/wp-json\/wp\/v2\/pages"}],"about":[{"href":"https:\/\/tefmontajes.com\/ca\/wp-json\/wp\/v2\/types\/page"}],"author":[{"embeddable":true,"href":"https:\/\/tefmontajes.com\/ca\/wp-json\/wp\/v2\/users\/4"}],"replies":[{"embeddable":true,"href":"https:\/\/tefmontajes.com\/ca\/wp-json\/wp\/v2\/comments?post=2980"}],"version-history":[{"count":3,"href":"https:\/\/tefmontajes.com\/ca\/wp-json\/wp\/v2\/pages\/2980\/revisions"}],"predecessor-version":[{"id":3293,"href":"https:\/\/tefmontajes.com\/ca\/wp-json\/wp\/v2\/pages\/2980\/revisions\/3293"}],"wp:featuredmedia":[{"embeddable":true,"href":"https:\/\/tefmontajes.com\/ca\/wp-json\/wp\/v2\/media\/799"}],"wp:attachment":[{"href":"https:\/\/tefmontajes.com\/ca\/wp-json\/wp\/v2\/media?parent=2980"}],"curies":[{"name":"wp","href":"https:\/\/api.w.org\/{rel}","templated":true}]}}